{"id":32,"date":"2024-08-07T06:27:23","date_gmt":"2024-08-07T06:27:23","guid":{"rendered":"http:\/\/www.ekcproject.com\/?page_id=32"},"modified":"2024-08-12T12:11:33","modified_gmt":"2024-08-12T12:11:33","slug":"projeler","status":"publish","type":"page","link":"http:\/\/www.ekcproject.com\/index.php\/projeler\/","title":{"rendered":"Projelerimiz"},"content":{"rendered":"\n<hr class=\"wp-block-separator has-alpha-channel-opacity\"\/>\n\n\n\n<div class=\"wp-block-group alignfull is-layout-constrained wp-container-core-group-is-layout-2 wp-block-group-is-layout-constrained\" style=\"margin-top:0;margin-bottom:0;padding-top:var(--wp--preset--spacing--50);padding-right:var(--wp--preset--spacing--50);padding-bottom:var(--wp--preset--spacing--50);padding-left:var(--wp--preset--spacing--50)\">\n<div class=\"wp-block-columns alignwide is-layout-flex wp-container-core-columns-is-layout-2 wp-block-columns-is-layout-flex\" style=\"margin-top:0;margin-bottom:0\">\n<div class=\"wp-block-column is-layout-flow wp-container-core-column-is-layout-1 wp-block-column-is-layout-flow\">\n<div class=\"wp-block-cover\"><span aria-hidden=\"true\" class=\"wp-block-cover__background has-background-dim\"><\/span><img loading=\"lazy\" decoding=\"async\" width=\"2560\" height=\"1707\" class=\"wp-block-cover__image-background wp-image-76\" alt=\"\" src=\"http:\/\/www.ekcproject.com\/wp-content\/uploads\/2024\/08\/1-scaled.jpg\" data-object-fit=\"cover\" srcset=\"http:\/\/www.ekcproject.com\/wp-content\/uploads\/2024\/08\/1-scaled.jpg 2560w, http:\/\/www.ekcproject.com\/wp-content\/uploads\/2024\/08\/1-300x200.jpg 300w, http:\/\/www.ekcproject.com\/wp-content\/uploads\/2024\/08\/1-1024x683.jpg 1024w, http:\/\/www.ekcproject.com\/wp-content\/uploads\/2024\/08\/1-768x512.jpg 768w, http:\/\/www.ekcproject.com\/wp-content\/uploads\/2024\/08\/1-1536x1024.jpg 1536w, http:\/\/www.ekcproject.com\/wp-content\/uploads\/2024\/08\/1-2048x1365.jpg 2048w\" sizes=\"(max-width: 2560px) 100vw, 2560px\" \/><div class=\"wp-block-cover__inner-container is-layout-flow wp-block-cover-is-layout-flow\">\n<p class=\"has-text-align-center has-heading-color-color has-text-color has-link-color has-large-font-size wp-elements-8b14fc443a549e7e89e8cb80481b1a95\"><a href=\"https:\/\/www.ekcproject.com\/index.php\/grand-bellagio-yonetici-ofisi\/\" data-type=\"link\" data-id=\"https:\/\/www.ekcproject.com\/index.php\/grand-bellagio-yonetici-ofisi\/\">GRAND BELLAGIO Y\u00d6NET\u0130C\u0130 OF\u0130S\u0130<\/a><\/p>\n\n\n\n<hr class=\"wp-block-separator has-alpha-channel-opacity\"\/>\n\n\n\n<p class=\"has-text-align-center\">Batum | G\u00fcrcistan<\/p>\n\n\n\n<p class=\"has-text-align-center\">2024<\/p>\n<\/div><\/div>\n\n\n\n<div style=\"height:var(--wp--preset--spacing--50)\" aria-hidden=\"true\" class=\"wp-block-spacer\"><\/div>\n\n\n\n<div class=\"wp-block-cover\"><span aria-hidden=\"true\" class=\"wp-block-cover__background has-background-dim\"><\/span><img loading=\"lazy\" decoding=\"async\" width=\"1290\" height=\"1289\" class=\"wp-block-cover__image-background wp-image-151\" alt=\"\" src=\"http:\/\/www.ekcproject.com\/wp-content\/uploads\/2024\/08\/WhatsApp-Image-2024-08-07-at-10.08.28.jpeg\" data-object-fit=\"cover\" srcset=\"http:\/\/www.ekcproject.com\/wp-content\/uploads\/2024\/08\/WhatsApp-Image-2024-08-07-at-10.08.28.jpeg 1290w, http:\/\/www.ekcproject.com\/wp-content\/uploads\/2024\/08\/WhatsApp-Image-2024-08-07-at-10.08.28-300x300.jpeg 300w, http:\/\/www.ekcproject.com\/wp-content\/uploads\/2024\/08\/WhatsApp-Image-2024-08-07-at-10.08.28-1024x1024.jpeg 1024w, http:\/\/www.ekcproject.com\/wp-content\/uploads\/2024\/08\/WhatsApp-Image-2024-08-07-at-10.08.28-150x150.jpeg 150w, http:\/\/www.ekcproject.com\/wp-content\/uploads\/2024\/08\/WhatsApp-Image-2024-08-07-at-10.08.28-768x767.jpeg 768w\" sizes=\"(max-width: 1290px) 100vw, 1290px\" \/><div class=\"wp-block-cover__inner-container is-layout-flow wp-block-cover-is-layout-flow\">\n<p class=\"has-text-align-center has-foregound-alt-color has-text-color has-link-color has-large-font-size wp-elements-bb3d13bd9cdcd0376d9069cd32f29fb5\"><a href=\"https:\/\/www.ekcproject.com\/index.php\/grand-bellagio-casino\/\" data-type=\"page\" data-id=\"263\">GRAND BELLAGIO CASINO<\/a><\/p>\n\n\n\n<hr class=\"wp-block-separator has-alpha-channel-opacity\"\/>\n\n\n\n<p class=\"has-text-align-center\">Batum | G\u00fcrcistan<\/p>\n\n\n\n<p class=\"has-text-align-center\">2024<\/p>\n<\/div><\/div>\n\n\n\n<div style=\"height:var(--wp--preset--spacing--50)\" aria-hidden=\"true\" class=\"wp-block-spacer\"><\/div>\n<\/div>\n\n\n\n<div class=\"wp-block-column is-layout-flow wp-container-core-column-is-layout-2 wp-block-column-is-layout-flow\">\n<div class=\"wp-block-cover\"><span aria-hidden=\"true\" class=\"wp-block-cover__background has-background-dim\"><\/span><img loading=\"lazy\" decoding=\"async\" width=\"1920\" height=\"1080\" class=\"wp-block-cover__image-background wp-image-331\" alt=\"\" src=\"http:\/\/www.ekcproject.com\/wp-content\/uploads\/2024\/08\/06.jpg\" data-object-fit=\"cover\" srcset=\"http:\/\/www.ekcproject.com\/wp-content\/uploads\/2024\/08\/06.jpg 1920w, http:\/\/www.ekcproject.com\/wp-content\/uploads\/2024\/08\/06-300x169.jpg 300w, http:\/\/www.ekcproject.com\/wp-content\/uploads\/2024\/08\/06-1024x576.jpg 1024w, http:\/\/www.ekcproject.com\/wp-content\/uploads\/2024\/08\/06-768x432.jpg 768w, http:\/\/www.ekcproject.com\/wp-content\/uploads\/2024\/08\/06-1536x864.jpg 1536w\" sizes=\"(max-width: 1920px) 100vw, 1920px\" \/><div class=\"wp-block-cover__inner-container is-layout-flow wp-block-cover-is-layout-flow\">\n<p class=\"has-text-align-center has-heading-color-color has-text-color has-link-color has-large-font-size wp-elements-85675872a75e39673e0664967ee2657b\"><a href=\"https:\/\/www.ekcproject.com\/index.php\/grand-bellagio-restaurant\/\" data-type=\"page\" data-id=\"551\">GRAND BELLAGIO RESTAURANT<\/a><\/p>\n\n\n\n<hr class=\"wp-block-separator has-alpha-channel-opacity\"\/>\n\n\n\n<p class=\"has-text-align-center\">Batum | G\u00fcrcistan<\/p>\n\n\n\n<p class=\"has-text-align-center\">2024<\/p>\n<\/div><\/div>\n\n\n\n<div style=\"height:var(--wp--preset--spacing--50)\" aria-hidden=\"true\" class=\"wp-block-spacer\"><\/div>\n\n\n\n<div class=\"wp-block-cover\"><span aria-hidden=\"true\" class=\"wp-block-cover__background has-background-dim\"><\/span><img loading=\"lazy\" decoding=\"async\" width=\"1200\" height=\"1600\" class=\"wp-block-cover__image-background wp-image-308\" alt=\"\" src=\"https:\/\/www.ekcproject.com\/wp-content\/uploads\/2024\/08\/1-1-3.jpg\" data-object-fit=\"cover\" srcset=\"http:\/\/www.ekcproject.com\/wp-content\/uploads\/2024\/08\/1-1-3.jpg 1200w, http:\/\/www.ekcproject.com\/wp-content\/uploads\/2024\/08\/1-1-3-225x300.jpg 225w, http:\/\/www.ekcproject.com\/wp-content\/uploads\/2024\/08\/1-1-3-768x1024.jpg 768w, http:\/\/www.ekcproject.com\/wp-content\/uploads\/2024\/08\/1-1-3-1152x1536.jpg 1152w\" sizes=\"(max-width: 1200px) 100vw, 1200px\" \/><div class=\"wp-block-cover__inner-container is-layout-flow wp-block-cover-is-layout-flow\">\n<p class=\"has-text-align-center has-large-font-size\">GRAND BELLAGIO CASINO<\/p>\n\n\n\n<hr class=\"wp-block-separator has-alpha-channel-opacity\"\/>\n\n\n\n<p class=\"has-text-align-center\">Tiflis | G\u00fcrcistan<\/p>\n\n\n\n<p class=\"has-text-align-center\">2023<\/p>\n<\/div><\/div>\n\n\n\n<div style=\"height:var(--wp--preset--spacing--50)\" aria-hidden=\"true\" class=\"wp-block-spacer\"><\/div>\n<\/div>\n\n\n\n<div class=\"wp-block-column is-layout-flow wp-container-core-column-is-layout-4 wp-block-column-is-layout-flow\">\n<div class=\"wp-block-group is-layout-constrained wp-block-group-is-layout-constrained\">\n<div class=\"wp-block-columns is-layout-flex wp-container-core-columns-is-layout-1 wp-block-columns-is-layout-flex\">\n<div class=\"wp-block-column is-layout-flow wp-block-column-is-layout-flow\" style=\"flex-basis:100%\">\n<div class=\"wp-block-cover\"><span aria-hidden=\"true\" class=\"wp-block-cover__background has-background-dim\"><\/span><img loading=\"lazy\" decoding=\"async\" width=\"1000\" height=\"1000\" class=\"wp-block-cover__image-background wp-image-329\" alt=\"\" src=\"http:\/\/www.ekcproject.com\/wp-content\/uploads\/2024\/08\/1_11-7-1-edited.jpg\" data-object-fit=\"cover\" srcset=\"http:\/\/www.ekcproject.com\/wp-content\/uploads\/2024\/08\/1_11-7-1-edited.jpg 1000w, http:\/\/www.ekcproject.com\/wp-content\/uploads\/2024\/08\/1_11-7-1-edited-300x300.jpg 300w, http:\/\/www.ekcproject.com\/wp-content\/uploads\/2024\/08\/1_11-7-1-edited-150x150.jpg 150w, http:\/\/www.ekcproject.com\/wp-content\/uploads\/2024\/08\/1_11-7-1-edited-768x768.jpg 768w\" sizes=\"(max-width: 1000px) 100vw, 1000px\" \/><div class=\"wp-block-cover__inner-container is-layout-flow wp-block-cover-is-layout-flow\">\n<p class=\"has-text-align-center has-foregound-alt-color has-text-color has-link-color has-large-font-size wp-elements-944c719af998a3b8b2d5d7c7aa9c06f2\"><a href=\"https:\/\/www.ekcproject.com\/index.php\/grand-bellagio-suit-odalar\/\" data-type=\"page\" data-id=\"426\">GRAND BELLAGIO SUIT ODALAR<\/a><\/p>\n\n\n\n<hr class=\"wp-block-separator has-alpha-channel-opacity\"\/>\n\n\n\n<p class=\"has-text-align-center\">Batum | G\u00fcrcistan<\/p>\n\n\n\n<p class=\"has-text-align-center\">2024<\/p>\n<\/div><\/div>\n<\/div>\n<\/div>\n<\/div>\n\n\n\n<div style=\"height:var(--wp--preset--spacing--50)\" aria-hidden=\"true\" class=\"wp-block-spacer\"><\/div>\n\n\n\n<div class=\"wp-block-cover\"><span aria-hidden=\"true\" class=\"wp-block-cover__background has-background-dim\"><\/span><img loading=\"lazy\" decoding=\"async\" width=\"1333\" height=\"1056\" class=\"wp-block-cover__image-background wp-image-321\" alt=\"\" src=\"https:\/\/www.ekcproject.com\/wp-content\/uploads\/2024\/08\/atasehir8-1.jpg\" data-object-fit=\"cover\" srcset=\"http:\/\/www.ekcproject.com\/wp-content\/uploads\/2024\/08\/atasehir8-1.jpg 1333w, http:\/\/www.ekcproject.com\/wp-content\/uploads\/2024\/08\/atasehir8-1-300x238.jpg 300w, http:\/\/www.ekcproject.com\/wp-content\/uploads\/2024\/08\/atasehir8-1-1024x811.jpg 1024w, http:\/\/www.ekcproject.com\/wp-content\/uploads\/2024\/08\/atasehir8-1-768x608.jpg 768w\" sizes=\"(max-width: 1333px) 100vw, 1333px\" \/><div class=\"wp-block-cover__inner-container is-layout-flow wp-block-cover-is-layout-flow\">\n<p class=\"has-text-align-center has-heading-color-color has-text-color has-link-color has-large-font-size wp-elements-992eeb70b1ab7a72d603b5170582e881\"><a href=\"https:\/\/www.ekcproject.com\/index.php\/atasehir-modern\/\" data-type=\"page\" data-id=\"310\">ATA\u015eEH\u0130R MODERN<\/a><\/p>\n\n\n\n<hr class=\"wp-block-separator has-alpha-channel-opacity\"\/>\n\n\n\n<p class=\"has-text-align-center\">Ata\u015fehir | \u0130stanbul<\/p>\n\n\n\n<p class=\"has-text-align-center\">2024<\/p>\n<\/div><\/div>\n\n\n\n<div style=\"height:var(--wp--preset--spacing--50)\" aria-hidden=\"true\" class=\"wp-block-spacer\"><\/div>\n<\/div>\n\n\n\n<div class=\"wp-block-column is-layout-flow wp-container-core-column-is-layout-5 wp-block-column-is-layout-flow\">\n<div class=\"wp-block-cover\"><span aria-hidden=\"true\" class=\"wp-block-cover__background has-background-dim\"><\/span><img loading=\"lazy\" decoding=\"async\" width=\"1280\" height=\"720\" class=\"wp-block-cover__image-background wp-image-332\" alt=\"\" src=\"http:\/\/www.ekcproject.com\/wp-content\/uploads\/2024\/08\/55-1.jpg\" data-object-fit=\"cover\" srcset=\"http:\/\/www.ekcproject.com\/wp-content\/uploads\/2024\/08\/55-1.jpg 1280w, http:\/\/www.ekcproject.com\/wp-content\/uploads\/2024\/08\/55-1-300x169.jpg 300w, http:\/\/www.ekcproject.com\/wp-content\/uploads\/2024\/08\/55-1-1024x576.jpg 1024w, http:\/\/www.ekcproject.com\/wp-content\/uploads\/2024\/08\/55-1-768x432.jpg 768w\" sizes=\"(max-width: 1280px) 100vw, 1280px\" \/><div class=\"wp-block-cover__inner-container is-layout-flow wp-block-cover-is-layout-flow\">\n<p class=\"has-text-align-center has-heading-color-color has-text-color has-link-color has-large-font-size wp-elements-0c012ac4c2b6c2f604bf3aef1740a05e\"><a href=\"https:\/\/www.ekcproject.com\/index.php\/grand-bellagio-casino-vip-odalar\/\" data-type=\"page\" data-id=\"401\">GRAND BELLAGIO CASINO VIP ODALAR<\/a><\/p>\n\n\n\n<hr class=\"wp-block-separator has-alpha-channel-opacity\"\/>\n\n\n\n<p class=\"has-text-align-center\">Batum | G\u00fcrcistan<\/p>\n\n\n\n<p class=\"has-text-align-center\">2024<\/p>\n<\/div><\/div>\n\n\n\n<div style=\"height:var(--wp--preset--spacing--50)\" aria-hidden=\"true\" class=\"wp-block-spacer\"><\/div>\n\n\n\n<div class=\"wp-block-cover\"><span aria-hidden=\"true\" class=\"wp-block-cover__background has-background-dim\"><\/span><img loading=\"lazy\" decoding=\"async\" width=\"766\" height=\"529\" class=\"wp-block-cover__image-background wp-image-335\" alt=\"\" src=\"https:\/\/www.ekcproject.com\/wp-content\/uploads\/2024\/08\/ebeveynodasi3-4.png\" data-object-fit=\"cover\" srcset=\"http:\/\/www.ekcproject.com\/wp-content\/uploads\/2024\/08\/ebeveynodasi3-4.png 766w, http:\/\/www.ekcproject.com\/wp-content\/uploads\/2024\/08\/ebeveynodasi3-4-300x207.png 300w\" sizes=\"(max-width: 766px) 100vw, 766px\" \/><div class=\"wp-block-cover__inner-container is-layout-flow wp-block-cover-is-layout-flow\">\n<p class=\"has-text-align-center has-heading-color-color has-text-color has-link-color has-large-font-size wp-elements-fdc1cdbb0ebbbed02308d4ec0a746ecd\"><a href=\"https:\/\/www.ekcproject.com\/index.php\/nevbahar-konutlari\/\" data-type=\"page\" data-id=\"447\">NEVBAHAR KONUTLARI<\/a><\/p>\n\n\n\n<hr class=\"wp-block-separator has-alpha-channel-opacity\"\/>\n\n\n\n<p class=\"has-text-align-center\">Kemerburgaz | \u0130stanbul<\/p>\n\n\n\n<p class=\"has-text-align-center\">2023<\/p>\n<\/div><\/div>\n\n\n\n<div style=\"height:var(--wp--preset--spacing--50)\" aria-hidden=\"true\" class=\"wp-block-spacer\"><\/div>\n\n\n\n<div style=\"height:var(--wp--preset--spacing--50)\" aria-hidden=\"true\" class=\"wp-block-spacer\"><\/div>\n<\/div>\n<\/div>\n<\/div>\n","protected":false},"excerpt":{"rendered":"","protected":false},"author":1,"featured_media":0,"parent":0,"menu_order":0,"comment_status":"closed","ping_status":"closed","template":"","meta":{"footnotes":""},"class_list":["post-32","page","type-page","status-publish","hentry"],"_links":{"self":[{"href":"http:\/\/www.ekcproject.com\/index.php\/wp-json\/wp\/v2\/pages\/32"}],"collection":[{"href":"http:\/\/www.ekcproject.com\/index.php\/wp-json\/wp\/v2\/pages"}],"about":[{"href":"http:\/\/www.ekcproject.com\/index.php\/wp-json\/wp\/v2\/types\/page"}],"author":[{"embeddable":true,"href":"http:\/\/www.ekcproject.com\/index.php\/wp-json\/wp\/v2\/users\/1"}],"replies":[{"embeddable":true,"href":"http:\/\/www.ekcproject.com\/index.php\/wp-json\/wp\/v2\/comments?post=32"}],"version-history":[{"count":30,"href":"http:\/\/www.ekcproject.com\/index.php\/wp-json\/wp\/v2\/pages\/32\/revisions"}],"predecessor-version":[{"id":585,"href":"http:\/\/www.ekcproject.com\/index.php\/wp-json\/wp\/v2\/pages\/32\/revisions\/585"}],"wp:attachment":[{"href":"http:\/\/www.ekcproject.com\/index.php\/wp-json\/wp\/v2\/media?parent=32"}],"curies":[{"name":"wp","href":"https:\/\/api.w.org\/{rel}","templated":true}]}}