{"id":33,"date":"2024-08-07T06:07:15","date_gmt":"2024-08-07T06:07:15","guid":{"rendered":"http:\/\/www.ekcproject.com\/?page_id=33"},"modified":"2024-08-09T07:28:22","modified_gmt":"2024-08-09T07:28:22","slug":"ekibimiz","status":"publish","type":"page","link":"http:\/\/www.ekcproject.com\/index.php\/ekibimiz\/","title":{"rendered":"Ekibimiz"},"content":{"rendered":"\n<p><\/p>\n\n\n\n<p>Firmam\u0131z, deneyimli y\u00f6neticiler, mimarlar ve i\u00e7 mimarlardan olu\u015fan profesyonel kadrosu ile mek\u00e2n\u0131n\u0131za ait benzersiz detaylar\u0131 ve \u00f6zellikleri g\u00f6z \u00f6n\u00fcnde bulundurarak, estetik ve fonksiyonelli\u011fi bir araya getiren tasar\u0131mlar yarat\u0131r. Her projede, sizin ve markan\u0131z\u0131n \u00f6zel oldu\u011funu hissettirmek i\u00e7in titizlikle \u00e7al\u0131\u015f\u0131r.<\/p>\n\n\n\n<div class=\"wp-block-group alignfull is-layout-constrained wp-container-core-group-is-layout-9 wp-block-group-is-layout-constrained\" style=\"margin-top:0;margin-bottom:0;padding-top:var(--wp--preset--spacing--50);padding-right:var(--wp--preset--spacing--50);padding-bottom:var(--wp--preset--spacing--50);padding-left:var(--wp--preset--spacing--50)\">\n<div class=\"wp-block-group is-vertical is-content-justification-center is-layout-flex wp-container-core-group-is-layout-1 wp-block-group-is-layout-flex\">\n<h2 class=\"wp-block-heading has-text-align-left has-xx-large-font-size\">Ekibimizle tan\u0131\u015f\u0131n<\/h2>\n<\/div>\n\n\n\n<div class=\"wp-block-columns alignwide is-layout-flex wp-container-core-columns-is-layout-1 wp-block-columns-is-layout-flex\" style=\"padding-right:0;padding-left:0\">\n<div class=\"wp-block-column is-layout-flow wp-block-column-is-layout-flow\">\n\n\n<div class=\"wp-block-group is-vertical is-content-justification-center is-nowrap is-layout-flex wp-container-core-group-is-layout-2 wp-block-group-is-layout-flex\">\n<p class=\"has-text-align-center has-small-font-size\"><strong>Selami Has\u00e7elik<\/strong><\/p>\n\n\n\n<p class=\"has-text-align-center has-small-font-size\">Kurucu<\/p>\n<\/div>\n<\/div>\n\n\n\n<div class=\"wp-block-column is-layout-flow wp-block-column-is-layout-flow\">\n<figure class=\"wp-block-image size-full is-style-default\"><img loading=\"lazy\" decoding=\"async\" width=\"430\" height=\"692\" src=\"http:\/\/www.ekcproject.com\/wp-content\/uploads\/2024\/08\/Basliksiz-1.png\" alt=\"\" class=\"wp-image-286\" style=\"aspect-ratio:1;object-fit:cover\" srcset=\"http:\/\/www.ekcproject.com\/wp-content\/uploads\/2024\/08\/Basliksiz-1.png 430w, http:\/\/www.ekcproject.com\/wp-content\/uploads\/2024\/08\/Basliksiz-1-186x300.png 186w\" sizes=\"(max-width: 430px) 100vw, 430px\" \/><\/figure>\n\n\n\n<div class=\"wp-block-group is-vertical is-content-justification-center is-nowrap is-layout-flex wp-container-core-group-is-layout-3 wp-block-group-is-layout-flex\">\n<p class=\"has-text-align-center has-small-font-size\"><strong>Sedat Ercimen<\/strong><\/p>\n\n\n\n<p class=\"has-text-align-center has-small-font-size\">Genel Koordinat\u00f6r<\/p>\n<\/div>\n<\/div>\n\n\n\n<div class=\"wp-block-column is-layout-flow wp-block-column-is-layout-flow\">\n\n\n<div class=\"wp-block-group is-vertical is-content-justification-center is-nowrap is-layout-flex wp-container-core-group-is-layout-4 wp-block-group-is-layout-flex\">\n<p class=\"has-text-align-center has-small-font-size\"><strong>\u0130brahim Ayer<\/strong><\/p>\n\n\n\n<p class=\"has-text-align-center has-small-font-size\">\u00dcretim M\u00fcd\u00fcr\u00fc<\/p>\n<\/div>\n<\/div>\n<\/div>\n\n\n\n<div class=\"wp-block-columns alignwide is-layout-flex wp-container-core-columns-is-layout-2 wp-block-columns-is-layout-flex\" style=\"padding-right:0;padding-left:0\">\n<div class=\"wp-block-column is-layout-flow wp-block-column-is-layout-flow\">\n<figure class=\"wp-block-image size-full is-style-default\"><img loading=\"lazy\" decoding=\"async\" width=\"826\" height=\"826\" src=\"http:\/\/www.ekcproject.com\/wp-content\/uploads\/2024\/08\/Yasemin-1.jpg\" alt=\"\" class=\"wp-image-161\" style=\"aspect-ratio:1;object-fit:cover\" srcset=\"http:\/\/www.ekcproject.com\/wp-content\/uploads\/2024\/08\/Yasemin-1.jpg 826w, http:\/\/www.ekcproject.com\/wp-content\/uploads\/2024\/08\/Yasemin-1-300x300.jpg 300w, http:\/\/www.ekcproject.com\/wp-content\/uploads\/2024\/08\/Yasemin-1-150x150.jpg 150w, http:\/\/www.ekcproject.com\/wp-content\/uploads\/2024\/08\/Yasemin-1-768x768.jpg 768w\" sizes=\"(max-width: 826px) 100vw, 826px\" \/><\/figure>\n\n\n\n<div class=\"wp-block-group is-vertical is-content-justification-center is-nowrap is-layout-flex wp-container-core-group-is-layout-5 wp-block-group-is-layout-flex\">\n<p class=\"has-text-align-center has-small-font-size\"><strong>Yasemin \u00d6ver<\/strong><\/p>\n\n\n\n<p class=\"has-text-align-center has-small-font-size\">Mimar<\/p>\n<\/div>\n<\/div>\n\n\n\n<div class=\"wp-block-column is-layout-flow wp-block-column-is-layout-flow\">\n<figure class=\"wp-block-image size-full is-style-default\"><img loading=\"lazy\" decoding=\"async\" width=\"750\" height=\"750\" src=\"https:\/\/www.ekcproject.com\/wp-content\/uploads\/2024\/08\/Alper-2.jpg\" alt=\"\" class=\"wp-image-393\" style=\"aspect-ratio:1;object-fit:cover\" srcset=\"http:\/\/www.ekcproject.com\/wp-content\/uploads\/2024\/08\/Alper-2.jpg 750w, http:\/\/www.ekcproject.com\/wp-content\/uploads\/2024\/08\/Alper-2-300x300.jpg 300w, http:\/\/www.ekcproject.com\/wp-content\/uploads\/2024\/08\/Alper-2-150x150.jpg 150w\" sizes=\"(max-width: 750px) 100vw, 750px\" \/><\/figure>\n\n\n\n<div class=\"wp-block-group is-vertical is-content-justification-center is-nowrap is-layout-flex wp-container-core-group-is-layout-6 wp-block-group-is-layout-flex\">\n<p class=\"has-text-align-center has-small-font-size\"><strong>Alper K\u00fc\u00e7\u00fckkayalar<\/strong><\/p>\n\n\n\n<p class=\"has-text-align-center has-small-font-size\">\u0130\u00e7 Mimar<\/p>\n<\/div>\n<\/div>\n\n\n\n<div class=\"wp-block-column is-layout-flow wp-block-column-is-layout-flow\">\n<figure class=\"wp-block-image size-full is-style-default\"><img loading=\"lazy\" decoding=\"async\" width=\"1270\" height=\"1600\" src=\"https:\/\/www.ekcproject.com\/wp-content\/uploads\/2024\/08\/Gulcin-1.jpg\" alt=\"\" class=\"wp-image-395\" style=\"aspect-ratio:1;object-fit:cover\" srcset=\"http:\/\/www.ekcproject.com\/wp-content\/uploads\/2024\/08\/Gulcin-1.jpg 1270w, http:\/\/www.ekcproject.com\/wp-content\/uploads\/2024\/08\/Gulcin-1-238x300.jpg 238w, http:\/\/www.ekcproject.com\/wp-content\/uploads\/2024\/08\/Gulcin-1-813x1024.jpg 813w, http:\/\/www.ekcproject.com\/wp-content\/uploads\/2024\/08\/Gulcin-1-768x968.jpg 768w, http:\/\/www.ekcproject.com\/wp-content\/uploads\/2024\/08\/Gulcin-1-1219x1536.jpg 1219w\" sizes=\"(max-width: 1270px) 100vw, 1270px\" \/><\/figure>\n\n\n\n<div class=\"wp-block-group is-vertical is-content-justification-center is-nowrap is-layout-flex wp-container-core-group-is-layout-7 wp-block-group-is-layout-flex\">\n<p class=\"has-text-align-center has-small-font-size\"><strong>G\u00fcl\u00e7in \u00d6zdemir<\/strong><\/p>\n\n\n\n<p class=\"has-text-align-center has-small-font-size\">\u0130\u00e7 Mimar<\/p>\n<\/div>\n<\/div>\n\n\n\n<div class=\"wp-block-column is-layout-flow wp-block-column-is-layout-flow\">\n<figure class=\"wp-block-image size-full\"><img loading=\"lazy\" decoding=\"async\" width=\"843\" height=\"843\" src=\"https:\/\/www.ekcproject.com\/wp-content\/uploads\/2024\/08\/Zelis.jpg\" alt=\"\" class=\"wp-image-389\" style=\"aspect-ratio:1;object-fit:cover\" srcset=\"http:\/\/www.ekcproject.com\/wp-content\/uploads\/2024\/08\/Zelis.jpg 843w, http:\/\/www.ekcproject.com\/wp-content\/uploads\/2024\/08\/Zelis-300x300.jpg 300w, http:\/\/www.ekcproject.com\/wp-content\/uploads\/2024\/08\/Zelis-150x150.jpg 150w, http:\/\/www.ekcproject.com\/wp-content\/uploads\/2024\/08\/Zelis-768x768.jpg 768w\" sizes=\"(max-width: 843px) 100vw, 843px\" \/><\/figure>\n\n\n\n<div class=\"wp-block-group is-vertical is-content-justification-center is-nowrap is-layout-flex wp-container-core-group-is-layout-8 wp-block-group-is-layout-flex\">\n<p class=\"has-text-align-center has-small-font-size\"><strong>Zeliha Ercimen<\/strong><\/p>\n\n\n\n<p class=\"has-text-align-center has-small-font-size\">Tasar\u0131mc\u0131<\/p>\n<\/div>\n<\/div>\n<\/div>\n<\/div>\n","protected":false},"excerpt":{"rendered":"<p>Firmam\u0131z, deneyimli y\u00f6neticiler, mimarlar ve i\u00e7 mimarlardan olu\u015fan profesyonel kadrosu ile mek\u00e2n\u0131n\u0131za ait benzersiz detaylar\u0131 ve \u00f6zellikleri g\u00f6z \u00f6n\u00fcnde bulundurarak, estetik ve fonksiyonelli\u011fi bir araya getiren tasar\u0131mlar yarat\u0131r. Her projede, sizin ve markan\u0131z\u0131n \u00f6zel oldu\u011funu hissettirmek i\u00e7in titizlikle \u00e7al\u0131\u015f\u0131r.<\/p>\n","protected":false},"author":1,"featured_media":0,"parent":0,"menu_order":0,"comment_status":"closed","ping_status":"closed","template":"","meta":{"footnotes":""},"class_list":["post-33","page","type-page","status-publish","hentry"],"_links":{"self":[{"href":"http:\/\/www.ekcproject.com\/index.php\/wp-json\/wp\/v2\/pages\/33"}],"collection":[{"href":"http:\/\/www.ekcproject.com\/index.php\/wp-json\/wp\/v2\/pages"}],"about":[{"href":"http:\/\/www.ekcproject.com\/index.php\/wp-json\/wp\/v2\/types\/page"}],"author":[{"embeddable":true,"href":"http:\/\/www.ekcproject.com\/index.php\/wp-json\/wp\/v2\/users\/1"}],"replies":[{"embeddable":true,"href":"http:\/\/www.ekcproject.com\/index.php\/wp-json\/wp\/v2\/comments?post=33"}],"version-history":[{"count":13,"href":"http:\/\/www.ekcproject.com\/index.php\/wp-json\/wp\/v2\/pages\/33\/revisions"}],"predecessor-version":[{"id":600,"href":"http:\/\/www.ekcproject.com\/index.php\/wp-json\/wp\/v2\/pages\/33\/revisions\/600"}],"wp:attachment":[{"href":"http:\/\/www.ekcproject.com\/index.php\/wp-json\/wp\/v2\/media?parent=33"}],"curies":[{"name":"wp","href":"https:\/\/api.w.org\/{rel}","templated":true}]}}