{"id":34,"date":"2024-08-06T14:58:58","date_gmt":"2024-08-06T14:58:58","guid":{"rendered":"http:\/\/www.ekcproject.com\/?page_id=34"},"modified":"2024-08-07T08:20:23","modified_gmt":"2024-08-07T08:20:23","slug":"iletisim","status":"publish","type":"page","link":"http:\/\/www.ekcproject.com\/index.php\/iletisim\/","title":{"rendered":"\u0130leti\u015fim"},"content":{"rendered":"\n<div class=\"wp-block-group is-layout-constrained wp-container-core-group-is-layout-5 wp-block-group-is-layout-constrained\" style=\"padding-top:0;padding-right:0;padding-bottom:0;padding-left:0\">\n<div class=\"wp-block-group has-background-alt-background-color has-background is-layout-constrained wp-container-core-group-is-layout-4 wp-block-group-is-layout-constrained\" style=\"padding-top:7rem;padding-right:var(--wp--preset--spacing--40);padding-bottom:7rem;padding-left:var(--wp--preset--spacing--40)\">\n<div class=\"wp-block-columns are-vertically-aligned-top is-layout-flex wp-container-core-columns-is-layout-1 wp-block-columns-is-layout-flex\">\n<div class=\"wp-block-column is-vertically-aligned-top is-layout-flow wp-container-core-column-is-layout-1 wp-block-column-is-layout-flow\">\n<h1 class=\"wp-block-heading has-heading-color-color has-text-color has-xx-large-font-size\" style=\"margin-bottom:16px;font-style:normal;font-weight:600;line-height:1.3\">Bize Ula\u015f\u0131n<\/h1>\n\n\n\n<p class=\"has-sub-heading-color-color has-text-color has-small-font-size\" style=\"font-style:normal;font-weight:300;line-height:1.6\">T\u00fcm ileti\u015fim kanallar\u0131m\u0131zdan bize ula\u015fabilirsiniz.<\/p>\n\n\n\n<div class=\"wp-block-group is-vertical is-layout-flex wp-container-core-group-is-layout-1 wp-block-group-is-layout-flex\" style=\"margin-top:30px\">\n<h4 class=\"wp-block-heading\">Adres: Ulubey Mahallesi, Yap\u0131t Sokak 6\/B <\/h4>\n\n\n\n<h4 class=\"wp-block-heading\">Siteler \/ Ankara<\/h4>\n<\/div>\n\n\n\n<div class=\"wp-block-group is-vertical is-layout-flex wp-container-core-group-is-layout-2 wp-block-group-is-layout-flex\" style=\"margin-top:24px\">\n<h4 class=\"wp-block-heading\">Telefon: 0 (312) 351 58 02<\/h4>\n<\/div>\n\n\n\n<div class=\"wp-block-group is-vertical is-layout-flex wp-container-core-group-is-layout-3 wp-block-group-is-layout-flex\" style=\"margin-top:24px\">\n<h4 class=\"wp-block-heading\">E-posta: info@ekcproject.com<\/h4>\n<\/div>\n<\/div>\n\n\n\n<div class=\"wp-block-column is-vertically-aligned-top is-style-default has-border-color has-tertiary-light-border-color has-foregound-alt-background-color has-background is-layout-flow wp-container-core-column-is-layout-2 wp-block-column-is-layout-flow\" style=\"border-width:1px;padding-top:15px;padding-right:15px;padding-bottom:10px;padding-left:15px\">\n<iframe src=\"https:\/\/www.google.com\/maps\/embed?pb=!1m18!1m12!1m3!1d764.525477949308!2d32.89709866965794!3d39.961474126145134!2m3!1f0!2f0!3f0!3m2!1i1024!2i768!4f13.1!3m3!1m2!1s0x14d34df56e46f4a7%3A0x197230cc96d56124!2zVWx1YmV5LCBZYXDEsXQgU2suIDYgQiwgMDYzNjAgQWx0xLFuZGHEny9BbmthcmE!5e0!3m2!1str!2str!4v1722957466944!5m2!1str!2str\" width=\"600\" height=\"450\" style=\"border:0;\" allowfullscreen=\"\" loading=\"lazy\" referrerpolicy=\"no-referrer-when-downgrade\"><\/iframe>\n<\/div>\n<\/div>\n<\/div>\n<\/div>\n\n\n\n<p><\/p>\n","protected":false},"excerpt":{"rendered":"<p>Bize Ula\u015f\u0131n T\u00fcm ileti\u015fim kanallar\u0131m\u0131zdan bize ula\u015fabilirsiniz. Adres: Ulubey Mahallesi, Yap\u0131t Sokak 6\/B Siteler \/ Ankara Telefon: 0 (312) 351 58 02 E-posta: info@ekcproject.com<\/p>\n","protected":false},"author":1,"featured_media":0,"parent":0,"menu_order":0,"comment_status":"closed","ping_status":"closed","template":"","meta":{"footnotes":""},"class_list":["post-34","page","type-page","status-publish","hentry"],"_links":{"self":[{"href":"http:\/\/www.ekcproject.com\/index.php\/wp-json\/wp\/v2\/pages\/34"}],"collection":[{"href":"http:\/\/www.ekcproject.com\/index.php\/wp-json\/wp\/v2\/pages"}],"about":[{"href":"http:\/\/www.ekcproject.com\/index.php\/wp-json\/wp\/v2\/types\/page"}],"author":[{"embeddable":true,"href":"http:\/\/www.ekcproject.com\/index.php\/wp-json\/wp\/v2\/users\/1"}],"replies":[{"embeddable":true,"href":"http:\/\/www.ekcproject.com\/index.php\/wp-json\/wp\/v2\/comments?post=34"}],"version-history":[{"count":15,"href":"http:\/\/www.ekcproject.com\/index.php\/wp-json\/wp\/v2\/pages\/34\/revisions"}],"predecessor-version":[{"id":172,"href":"http:\/\/www.ekcproject.com\/index.php\/wp-json\/wp\/v2\/pages\/34\/revisions\/172"}],"wp:attachment":[{"href":"http:\/\/www.ekcproject.com\/index.php\/wp-json\/wp\/v2\/media?parent=34"}],"curies":[{"name":"wp","href":"https:\/\/api.w.org\/{rel}","templated":true}]}}