{"id":263,"date":"2024-08-07T14:19:07","date_gmt":"2024-08-07T14:19:07","guid":{"rendered":"https:\/\/www.ekcproject.com\/?page_id=263"},"modified":"2024-08-09T11:17:16","modified_gmt":"2024-08-09T11:17:16","slug":"grand-bellagio-casino","status":"publish","type":"page","link":"https:\/\/www.ekcproject.com\/index.php\/grand-bellagio-casino\/","title":{"rendered":"Grand Bellagio Casino"},"content":{"rendered":"\n<div class=\"wp-block-group is-layout-constrained wp-container-core-group-is-layout-1 wp-block-group-is-layout-constrained\" style=\"padding-top:3rem;padding-right:var(--wp--preset--spacing--50);padding-bottom:3rem;padding-left:var(--wp--preset--spacing--50)\">\n<div class=\"wp-block-cover\" style=\"min-height:540px;aspect-ratio:unset;\"><span aria-hidden=\"true\" class=\"wp-block-cover__background has-background-dim-0 has-background-dim\" style=\"background-color:#7d5c3b\"><\/span><img loading=\"lazy\" decoding=\"async\" width=\"1290\" height=\"1586\" class=\"wp-block-cover__image-background wp-image-264\" alt=\"\" src=\"https:\/\/www.ekcproject.com\/wp-content\/uploads\/2024\/08\/WhatsApp-Image-2024-08-07-at-12.19.01-2.jpeg\" style=\"object-position:59% 34%\" data-object-fit=\"cover\" data-object-position=\"59% 34%\" srcset=\"https:\/\/www.ekcproject.com\/wp-content\/uploads\/2024\/08\/WhatsApp-Image-2024-08-07-at-12.19.01-2.jpeg 1290w, https:\/\/www.ekcproject.com\/wp-content\/uploads\/2024\/08\/WhatsApp-Image-2024-08-07-at-12.19.01-2-244x300.jpeg 244w, https:\/\/www.ekcproject.com\/wp-content\/uploads\/2024\/08\/WhatsApp-Image-2024-08-07-at-12.19.01-2-833x1024.jpeg 833w, https:\/\/www.ekcproject.com\/wp-content\/uploads\/2024\/08\/WhatsApp-Image-2024-08-07-at-12.19.01-2-768x944.jpeg 768w, https:\/\/www.ekcproject.com\/wp-content\/uploads\/2024\/08\/WhatsApp-Image-2024-08-07-at-12.19.01-2-1249x1536.jpeg 1249w\" sizes=\"(max-width: 1290px) 100vw, 1290px\" \/><div class=\"wp-block-cover__inner-container is-layout-constrained wp-block-cover-is-layout-constrained\">\n<p class=\"has-text-align-center has-large-font-size\"><\/p>\n<\/div><\/div>\n\n\n\n<div class=\"wp-block-columns is-layout-flex wp-container-core-columns-is-layout-1 wp-block-columns-is-layout-flex\" style=\"padding-top:0\">\n<div class=\"wp-block-column is-vertically-aligned-top is-layout-flow wp-block-column-is-layout-flow\" style=\"flex-basis:45%\">\n<h1 class=\"wp-block-heading has-text-align-left has-heading-color-color has-text-color has-xx-large-font-size\" style=\"font-style:normal;font-weight:600;line-height:1.5\">GRAND BELLAGIO CASINO<\/h1>\n\n\n\n<h4 class=\"wp-block-heading\">Batum | G\u00fcrcistan <\/h4>\n\n\n\n<h5 class=\"wp-block-heading\">2024<\/h5>\n\n\n\n<h6 class=\"wp-block-heading\">Sabit Mobilya \u0130\u015fleri<\/h6>\n<\/div>\n\n\n\n<div class=\"wp-block-column is-vertically-aligned-center is-layout-flow wp-container-core-column-is-layout-2 wp-block-column-is-layout-flow\" style=\"flex-basis:55%\">\n<p class=\"has-small-font-size\">Batum&#8217;un se\u00e7kin b\u00f6lgelerinden birinde hayata ge\u00e7irdi\u011fimiz l\u00fcks kumarhane projemiz, avangart tasar\u0131m anlay\u0131\u015f\u0131 ve g\u00f6steri\u015fli detaylar\u0131yla g\u00f6z kama\u015ft\u0131r\u0131yor. Bu e\u015fsiz proje, hem g\u00f6rsel esteti\u011fi hem de sundu\u011fu deneyimlerle, kumarhane sekt\u00f6r\u00fcne yeni bir soluk getiriyor.<\/p>\n\n\n\n<h3 class=\"wp-block-heading has-large-font-size\">Projemizin Tasar\u0131m \u00d6zellikleri<\/h3>\n\n\n\n<h1 class=\"wp-block-heading has-medium-font-size\">L\u00fcks Konfor<\/h1>\n\n\n\n<p class=\"has-small-font-size\">Tasar\u0131m\u0131n \u015f\u0131kl\u0131\u011f\u0131, konforla birle\u015ferek misafirlere benzersiz bir deneyim sunuyor. Y\u00fcksek kalite standartlar\u0131ndaki malzemeler, \u00f6zel el i\u015f\u00e7ili\u011fi ve zarif dokunu\u015flarla birlikte l\u00fcks bir atmosfer yarat\u0131rken, ayn\u0131 zamanda rahatl\u0131k ve huzur vermeyi ama\u00e7l\u0131yor.<\/p>\n\n\n\n<h1 class=\"wp-block-heading has-medium-font-size\">Geli\u015fmi\u015f Teknoloji ve Estetik Uyumu<\/h1>\n\n\n\n<p class=\"has-small-font-size\">Geli\u015fmi\u015f teknolojiye sahip oyun makineleri ve sistemler, mekandaki tasar\u0131m \u00f6\u011feleri ile uyum i\u00e7inde planlanm\u0131\u015ft\u0131r. Modern \u00e7izgilerle \u00f6rt\u00fc\u015fen yenilik\u00e7i teknolojiler, hem g\u00f6rsel hem de i\u015flevsel a\u00e7\u0131dan y\u00fcksek bir standart sunuyor.<\/p>\n\n\n\n<h1 class=\"wp-block-heading has-medium-font-size\">\u00d6zel Alanlar ve VIP Salonlar<\/h1>\n\n\n\n<p class=\"has-small-font-size\">Avangart tasar\u0131m\u0131 vurgulayan \u00f6zel VIP salonlar, tamamen ki\u015fiye \u00f6zel bir deneyim sa\u011fl\u0131yor. \u00d6zel olarak dizayn edilmi\u015f bu alanlar, l\u00fcks\u00fcn ve mahremiyetin m\u00fckemmel bir kombinasyonunu ortaya koyuyor.<\/p>\n\n\n\n<h1 class=\"wp-block-heading has-medium-font-size\">Gastronomi ve E\u011flence<\/h1>\n\n\n\n<p class=\"has-small-font-size\">\u015e\u0131kl\u0131\u011f\u0131 ve zarafeti gastronomi ve e\u011flence ile bulu\u015fturan projemizde, d\u00fcnya mutfaklar\u0131ndan se\u00e7kin tatlar sunan restoranlar ve yarat\u0131c\u0131 kokteyller haz\u0131rlanan barlar bulunur. Modern tasar\u0131ml\u0131 e\u011flence alanlar\u0131 ise misafirlerimize unutulmaz anlar ya\u015fat\u0131r.<\/p>\n<\/div>\n<\/div>\n<\/div>\n\n\n\n<hr class=\"wp-block-separator has-alpha-channel-opacity\"\/>\n\n\n\n<figure class=\"wp-block-gallery has-nested-images columns-default is-cropped wp-block-gallery-1 is-layout-flex wp-block-gallery-is-layout-flex\">\n<figure class=\"wp-block-image size-large\"><img loading=\"lazy\" decoding=\"async\" width=\"1024\" height=\"670\" data-id=\"265\" src=\"https:\/\/www.ekcproject.com\/wp-content\/uploads\/2024\/08\/WhatsApp-Image-2024-08-07-at-17.18.03-1-1024x670.jpeg\" alt=\"\" class=\"wp-image-265\" srcset=\"https:\/\/www.ekcproject.com\/wp-content\/uploads\/2024\/08\/WhatsApp-Image-2024-08-07-at-17.18.03-1-1024x670.jpeg 1024w, https:\/\/www.ekcproject.com\/wp-content\/uploads\/2024\/08\/WhatsApp-Image-2024-08-07-at-17.18.03-1-300x196.jpeg 300w, https:\/\/www.ekcproject.com\/wp-content\/uploads\/2024\/08\/WhatsApp-Image-2024-08-07-at-17.18.03-1-768x502.jpeg 768w, https:\/\/www.ekcproject.com\/wp-content\/uploads\/2024\/08\/WhatsApp-Image-2024-08-07-at-17.18.03-1.jpeg 1290w\" sizes=\"(max-width: 1024px) 100vw, 1024px\" \/><\/figure>\n\n\n\n<figure class=\"wp-block-image size-large\"><img loading=\"lazy\" decoding=\"async\" width=\"826\" height=\"1024\" data-id=\"267\" src=\"https:\/\/www.ekcproject.com\/wp-content\/uploads\/2024\/08\/WhatsApp-Image-2024-08-07-at-17.18.03-826x1024.jpeg\" alt=\"\" class=\"wp-image-267\" srcset=\"https:\/\/www.ekcproject.com\/wp-content\/uploads\/2024\/08\/WhatsApp-Image-2024-08-07-at-17.18.03-826x1024.jpeg 826w, https:\/\/www.ekcproject.com\/wp-content\/uploads\/2024\/08\/WhatsApp-Image-2024-08-07-at-17.18.03-242x300.jpeg 242w, https:\/\/www.ekcproject.com\/wp-content\/uploads\/2024\/08\/WhatsApp-Image-2024-08-07-at-17.18.03-768x953.jpeg 768w, https:\/\/www.ekcproject.com\/wp-content\/uploads\/2024\/08\/WhatsApp-Image-2024-08-07-at-17.18.03-1238x1536.jpeg 1238w, https:\/\/www.ekcproject.com\/wp-content\/uploads\/2024\/08\/WhatsApp-Image-2024-08-07-at-17.18.03.jpeg 1290w\" sizes=\"(max-width: 826px) 100vw, 826px\" \/><\/figure>\n\n\n\n<figure class=\"wp-block-image size-large\"><img loading=\"lazy\" decoding=\"async\" width=\"1024\" height=\"667\" data-id=\"266\" src=\"https:\/\/www.ekcproject.com\/wp-content\/uploads\/2024\/08\/WhatsApp-Image-2024-08-07-at-17.18.02-1-1024x667.jpeg\" alt=\"\" class=\"wp-image-266\" srcset=\"https:\/\/www.ekcproject.com\/wp-content\/uploads\/2024\/08\/WhatsApp-Image-2024-08-07-at-17.18.02-1-1024x667.jpeg 1024w, https:\/\/www.ekcproject.com\/wp-content\/uploads\/2024\/08\/WhatsApp-Image-2024-08-07-at-17.18.02-1-300x195.jpeg 300w, https:\/\/www.ekcproject.com\/wp-content\/uploads\/2024\/08\/WhatsApp-Image-2024-08-07-at-17.18.02-1-768x500.jpeg 768w, https:\/\/www.ekcproject.com\/wp-content\/uploads\/2024\/08\/WhatsApp-Image-2024-08-07-at-17.18.02-1.jpeg 1290w\" sizes=\"(max-width: 1024px) 100vw, 1024px\" \/><\/figure>\n\n\n\n<figure class=\"wp-block-image size-large\"><img loading=\"lazy\" decoding=\"async\" width=\"1024\" height=\"622\" data-id=\"269\" src=\"https:\/\/www.ekcproject.com\/wp-content\/uploads\/2024\/08\/WhatsApp-Image-2024-08-07-at-17.18.02-1024x622.jpeg\" alt=\"\" class=\"wp-image-269\" srcset=\"https:\/\/www.ekcproject.com\/wp-content\/uploads\/2024\/08\/WhatsApp-Image-2024-08-07-at-17.18.02-1024x622.jpeg 1024w, https:\/\/www.ekcproject.com\/wp-content\/uploads\/2024\/08\/WhatsApp-Image-2024-08-07-at-17.18.02-300x182.jpeg 300w, https:\/\/www.ekcproject.com\/wp-content\/uploads\/2024\/08\/WhatsApp-Image-2024-08-07-at-17.18.02-768x467.jpeg 768w, https:\/\/www.ekcproject.com\/wp-content\/uploads\/2024\/08\/WhatsApp-Image-2024-08-07-at-17.18.02.jpeg 1290w\" sizes=\"(max-width: 1024px) 100vw, 1024px\" \/><\/figure>\n\n\n\n<figure class=\"wp-block-image size-large\"><img loading=\"lazy\" decoding=\"async\" width=\"1024\" height=\"672\" data-id=\"268\" src=\"https:\/\/www.ekcproject.com\/wp-content\/uploads\/2024\/08\/WhatsApp-Image-2024-08-07-at-17.18.01-1024x672.jpeg\" alt=\"\" class=\"wp-image-268\" srcset=\"https:\/\/www.ekcproject.com\/wp-content\/uploads\/2024\/08\/WhatsApp-Image-2024-08-07-at-17.18.01-1024x672.jpeg 1024w, https:\/\/www.ekcproject.com\/wp-content\/uploads\/2024\/08\/WhatsApp-Image-2024-08-07-at-17.18.01-300x197.jpeg 300w, https:\/\/www.ekcproject.com\/wp-content\/uploads\/2024\/08\/WhatsApp-Image-2024-08-07-at-17.18.01-768x504.jpeg 768w, https:\/\/www.ekcproject.com\/wp-content\/uploads\/2024\/08\/WhatsApp-Image-2024-08-07-at-17.18.01.jpeg 1290w\" sizes=\"(max-width: 1024px) 100vw, 1024px\" \/><\/figure>\n<\/figure>\n\n\n\n<p><\/p>\n","protected":false},"excerpt":{"rendered":"<p>GRAND BELLAGIO CASINO Batum | G\u00fcrcistan 2024 Sabit Mobilya \u0130\u015fleri Batum&#8217;un se\u00e7kin b\u00f6lgelerinden birinde hayata ge\u00e7irdi\u011fimiz l\u00fcks kumarhane projemiz, avangart tasar\u0131m anlay\u0131\u015f\u0131 ve g\u00f6steri\u015fli detaylar\u0131yla g\u00f6z kama\u015ft\u0131r\u0131yor. Bu e\u015fsiz proje, hem g\u00f6rsel esteti\u011fi hem de sundu\u011fu deneyimlerle, kumarhane sekt\u00f6r\u00fcne yeni bir soluk getiriyor. Projemizin Tasar\u0131m \u00d6zellikleri L\u00fcks Konfor Tasar\u0131m\u0131n \u015f\u0131kl\u0131\u011f\u0131, konforla birle\u015ferek misafirlere benzersiz bir&#8230;<\/p>\n","protected":false},"author":1,"featured_media":0,"parent":0,"menu_order":0,"comment_status":"closed","ping_status":"closed","template":"","meta":{"footnotes":""},"class_list":["post-263","page","type-page","status-publish","hentry"],"_links":{"self":[{"href":"https:\/\/www.ekcproject.com\/index.php\/wp-json\/wp\/v2\/pages\/263"}],"collection":[{"href":"https:\/\/www.ekcproject.com\/index.php\/wp-json\/wp\/v2\/pages"}],"about":[{"href":"https:\/\/www.ekcproject.com\/index.php\/wp-json\/wp\/v2\/types\/page"}],"author":[{"embeddable":true,"href":"https:\/\/www.ekcproject.com\/index.php\/wp-json\/wp\/v2\/users\/1"}],"replies":[{"embeddable":true,"href":"https:\/\/www.ekcproject.com\/index.php\/wp-json\/wp\/v2\/comments?post=263"}],"version-history":[{"count":8,"href":"https:\/\/www.ekcproject.com\/index.php\/wp-json\/wp\/v2\/pages\/263\/revisions"}],"predecessor-version":[{"id":516,"href":"https:\/\/www.ekcproject.com\/index.php\/wp-json\/wp\/v2\/pages\/263\/revisions\/516"}],"wp:attachment":[{"href":"https:\/\/www.ekcproject.com\/index.php\/wp-json\/wp\/v2\/media?parent=263"}],"curies":[{"name":"wp","href":"https:\/\/api.w.org\/{rel}","templated":true}]}}