{"id":31,"date":"2024-08-07T06:17:00","date_gmt":"2024-08-07T06:17:00","guid":{"rendered":"http:\/\/www.ekcproject.com\/?page_id=31"},"modified":"2025-08-21T13:14:01","modified_gmt":"2025-08-21T13:14:01","slug":"hakkimizda","status":"publish","type":"page","link":"https:\/\/www.ekcproject.com\/index.php\/hakkimizda\/","title":{"rendered":"Hakk\u0131m\u0131zda"},"content":{"rendered":"\n<div class=\"wp-block-group alignfull has-base-background-color has-background is-layout-constrained wp-container-core-group-is-layout-1 wp-block-group-is-layout-constrained\" style=\"margin-top:0;margin-bottom:0;padding-top:var(--wp--preset--spacing--50);padding-right:var(--wp--preset--spacing--50);padding-bottom:var(--wp--preset--spacing--50);padding-left:var(--wp--preset--spacing--50)\">\n<div class=\"wp-block-columns alignwide is-layout-flex wp-container-core-columns-is-layout-3 wp-block-columns-is-layout-flex\">\n<div class=\"wp-block-column is-vertically-aligned-bottom is-content-justification-left is-layout-constrained wp-container-core-column-is-layout-1 wp-block-column-is-layout-constrained\" style=\"flex-basis:40%\">\n<figure class=\"wp-block-gallery has-nested-images columns-default is-cropped wp-block-gallery-1 is-layout-flex wp-block-gallery-is-layout-flex\">\n<figure class=\"wp-block-image size-large\"><img loading=\"lazy\" decoding=\"async\" width=\"1008\" height=\"444\" src=\"http:\/\/www.ekcproject.com\/wp-content\/uploads\/2024\/08\/EKCLOGOPNG-kopya-1.png\" alt=\"\" class=\"wp-image-229\" srcset=\"https:\/\/www.ekcproject.com\/wp-content\/uploads\/2024\/08\/EKCLOGOPNG-kopya-1.png 1008w, https:\/\/www.ekcproject.com\/wp-content\/uploads\/2024\/08\/EKCLOGOPNG-kopya-1-300x132.png 300w, https:\/\/www.ekcproject.com\/wp-content\/uploads\/2024\/08\/EKCLOGOPNG-kopya-1-768x338.png 768w\" sizes=\"(max-width: 1008px) 100vw, 1008px\" \/><\/figure>\n<\/figure>\n<\/div>\n\n\n\n<div class=\"wp-block-column is-style-default is-layout-flow wp-container-core-column-is-layout-4 wp-block-column-is-layout-flow\" style=\"flex-basis:60%\">\n<p class=\"has-heading-font-family has-x-large-font-size\" style=\"line-height:1.2\">Detaylara b\u00fcy\u00fck bir titizlikle dikkat etme ve m\u00fckemmelli\u011fe olan ba\u011fl\u0131l\u0131\u011f\u0131m\u0131zla, i\u00e7inde ya\u015fayanlar\u0131n hayatlar\u0131na ilham veren, y\u00fckselten ve zenginle\u015ftiren alanlar yarat\u0131yoruz.<\/p>\n\n\n\n<div style=\"height:35px\" aria-hidden=\"true\" class=\"wp-block-spacer\"><\/div>\n\n\n\n<div class=\"wp-block-columns is-layout-flex wp-container-core-columns-is-layout-2 wp-block-columns-is-layout-flex\">\n<div class=\"wp-block-column is-layout-flow wp-block-column-is-layout-flow\">\n<div class=\"wp-block-columns are-vertically-aligned-top is-layout-flex wp-container-core-columns-is-layout-1 wp-block-columns-is-layout-flex\">\n<div class=\"wp-block-column is-vertically-aligned-top is-layout-flow wp-block-column-is-layout-flow\" style=\"flex-basis:100%\">\n<p class=\"wp-container-content-1\">2003 y\u0131l\u0131ndan bu yana, sekt\u00f6rdeki k\u00f6kl\u00fc ge\u00e7mi\u015fimizle, uluslararas\u0131 standartlarda mobilya taahh\u00fct ve proje hizmetleri sunmaktay\u0131z. 21 y\u0131ll\u0131k deneyimimizle, toplu konut projelerinden otellere, ofislerden meclis binalar\u0131na, ticari i\u015fletmelerden casino projelerine kadar uzanan geni\u015f bir tasar\u0131m, \u00fcretim ve uygulama tecr\u00fcbesine sahip bir firmay\u0131z.<\/p>\n<\/div>\n<\/div>\n\n\n\n<p class=\"wp-container-content-2\">Kaliteye olan ba\u011fl\u0131l\u0131\u011f\u0131m\u0131z, global m\u00fc\u015fterilerimiz i\u00e7in g\u00fcvenilir bir ortak olmam\u0131z\u0131 sa\u011flarken benimsemi\u015f oldu\u011fumuz mek\u00e2na ve ki\u015fiye \u00f6zel tasar\u0131m anlay\u0131\u015f\u0131n\u0131, y\u00fcksek kalite standartlar\u0131na sahip malzeme kullan\u0131m\u0131 ve kalifiye i\u015f\u00e7ilik ile birle\u015ftirerek m\u00fc\u015fterilerimizin beklentilerini en \u00fcst seviyede kar\u015f\u0131lamay\u0131 hedefliyoruz.<\/p>\n\n\n\n<p>\u00c7al\u0131\u015ft\u0131\u011f\u0131m\u0131z her projede m\u00fc\u015fteri memnuniyetini \u00f6n planda tutarak ve m\u00fc\u015fterilerimize \u00f6zg\u00fcn, estetik ve i\u015flevsel \u00e7\u00f6z\u00fcmler \u00fcreterek sekt\u00f6rdeki yenilik\u00e7i ve g\u00fcvenilir kimli\u011fimizi her zaman korumay\u0131 kendimize ilke ediniyoruz.<\/p>\n<\/div>\n<\/div>\n<\/div>\n<\/div>\n<\/div>\n\n\n\n<div class=\"wp-block-group is-layout-constrained wp-container-core-group-is-layout-3 wp-block-group-is-layout-constrained\" style=\"padding-top:var(--wp--preset--spacing--80);padding-right:var(--wp--preset--spacing--50);padding-bottom:var(--wp--preset--spacing--80);padding-left:var(--wp--preset--spacing--50)\">\n<div class=\"wp-block-group is-layout-constrained wp-container-core-group-is-layout-2 wp-block-group-is-layout-constrained\">\n<div class=\"wp-block-columns is-layout-flex wp-container-core-columns-is-layout-4 wp-block-columns-is-layout-flex\">\n<div class=\"wp-block-column is-layout-flow wp-block-column-is-layout-flow\" style=\"flex-basis:66.66%\">\n<h2 class=\"wp-block-heading has-text-align-left\">\u0130statistikler<\/h2>\n\n\n\n<p class=\"has-text-align-left has-medium-font-size\" style=\"line-height:1.6\">Kurulu\u015fumuzdan g\u00fcn\u00fcm\u00fcze kadar olan kazan\u0131mlar\u0131m\u0131z:<\/p>\n<\/div>\n\n\n\n<div class=\"wp-block-column is-layout-flow wp-block-column-is-layout-flow\" style=\"flex-basis:33.33%\"><\/div>\n<\/div>\n<\/div>\n\n\n\n<div class=\"wp-block-columns is-layout-flex wp-container-core-columns-is-layout-5 wp-block-columns-is-layout-flex\" style=\"margin-top:var(--wp--preset--spacing--70)\">\n<div class=\"wp-block-column is-layout-flow wp-container-core-column-is-layout-7 wp-block-column-is-layout-flow\">\n<h2 class=\"wp-block-heading has-text-align-left has-xxx-large-font-size\" style=\"font-style:normal;font-weight:600\">20+<\/h2>\n\n\n\n<p class=\"has-text-align-left has-large-font-size\">Y\u0131ll\u0131k Tecr\u00fcbe<\/p>\n<\/div>\n\n\n\n<div class=\"wp-block-column is-layout-flow wp-container-core-column-is-layout-8 wp-block-column-is-layout-flow\">\n<h2 class=\"wp-block-heading has-text-align-left has-xxx-large-font-size\" style=\"font-style:normal;font-weight:600\">50+<\/h2>\n\n\n\n<p class=\"has-text-align-left has-large-font-size\">Deneyimli Ekip<\/p>\n<\/div>\n\n\n\n<div class=\"wp-block-column is-layout-flow wp-container-core-column-is-layout-9 wp-block-column-is-layout-flow\">\n<h2 class=\"wp-block-heading has-text-align-left has-xxx-large-font-size\" style=\"font-style:normal;font-weight:600\">100+<\/h2>\n\n\n\n<p class=\"has-text-align-left has-large-font-size\">Tamamlanan Proje<\/p>\n<\/div>\n\n\n\n<div class=\"wp-block-column is-layout-flow wp-container-core-column-is-layout-10 wp-block-column-is-layout-flow\">\n<h2 class=\"wp-block-heading has-text-align-left has-xxx-large-font-size\" style=\"font-style:normal;font-weight:600\">500+<\/h2>\n\n\n\n<p class=\"has-text-align-left has-large-font-size\">M\u00fc\u015fteri<\/p>\n<\/div>\n<\/div>\n<\/div>\n\n\n\n<div class=\"wp-block-group has-primary-background-color has-background is-layout-constrained wp-container-core-group-is-layout-5 wp-block-group-is-layout-constrained\" style=\"padding-top:7rem;padding-right:var(--wp--preset--spacing--50);padding-bottom:7rem;padding-left:var(--wp--preset--spacing--50)\">\n<div class=\"wp-block-columns are-vertically-aligned-top is-layout-flex wp-container-core-columns-is-layout-6 wp-block-columns-is-layout-flex\">\n<div class=\"wp-block-column is-vertically-aligned-top is-layout-flow wp-block-column-is-layout-flow\" style=\"flex-basis:50%\">\n<div class=\"wp-block-group is-layout-constrained wp-container-core-group-is-layout-4 wp-block-group-is-layout-constrained\">\n<h1 class=\"wp-block-heading has-text-align-left has-foregound-alt-color has-text-color has-xx-large-font-size\" style=\"font-style:normal;font-weight:600\">Hizmetlerimiz<\/h1>\n<\/div>\n<\/div>\n<\/div>\n\n\n\n<div class=\"wp-block-columns is-layout-flex wp-container-core-columns-is-layout-7 wp-block-columns-is-layout-flex\" style=\"margin-top:100px\">\n<div class=\"wp-block-column is-vertically-aligned-center is-layout-flow wp-container-core-column-is-layout-12 wp-block-column-is-layout-flow\">\n<figure class=\"wp-block-image alignleft size-full is-resized has-custom-border\"><img loading=\"lazy\" decoding=\"async\" width=\"1679\" height=\"1682\" src=\"https:\/\/www.ekcproject.com\/wp-content\/uploads\/2024\/08\/Basliksiz-2-Kurtarilan-1.png\" alt=\"\" class=\"wp-image-241\" style=\"border-radius:60px;aspect-ratio:1;object-fit:cover;width:174px;height:auto\" srcset=\"https:\/\/www.ekcproject.com\/wp-content\/uploads\/2024\/08\/Basliksiz-2-Kurtarilan-1.png 1679w, https:\/\/www.ekcproject.com\/wp-content\/uploads\/2024\/08\/Basliksiz-2-Kurtarilan-1-300x300.png 300w, https:\/\/www.ekcproject.com\/wp-content\/uploads\/2024\/08\/Basliksiz-2-Kurtarilan-1-1022x1024.png 1022w, https:\/\/www.ekcproject.com\/wp-content\/uploads\/2024\/08\/Basliksiz-2-Kurtarilan-1-150x150.png 150w, https:\/\/www.ekcproject.com\/wp-content\/uploads\/2024\/08\/Basliksiz-2-Kurtarilan-1-768x769.png 768w, https:\/\/www.ekcproject.com\/wp-content\/uploads\/2024\/08\/Basliksiz-2-Kurtarilan-1-1533x1536.png 1533w\" sizes=\"(max-width: 1679px) 100vw, 1679px\" \/><\/figure>\n\n\n\n<h1 class=\"wp-block-heading has-text-align-left has-text-color\" style=\"color:#d7d7d7;font-size:18px\"><strong>Mobilya Taahh\u00fct<\/strong><\/h1>\n\n\n\n<p class=\"has-text-align-left has-text-color\" style=\"color:#d7d7d7;font-size:18px\">Projelerinizin her a\u015famas\u0131nda ihtiyac\u0131n\u0131za uygun mobilya \u00e7\u00f6z\u00fcmleri sunarak, estetik ve fonksiyonelli\u011fi bir araya getiriyoruz.<\/p>\n<\/div>\n\n\n\n<div class=\"wp-block-column is-vertically-aligned-center is-layout-flow wp-container-core-column-is-layout-13 wp-block-column-is-layout-flow\">\n<figure class=\"wp-block-image alignleft size-full is-resized has-custom-border\"><img loading=\"lazy\" decoding=\"async\" width=\"2470\" height=\"1661\" src=\"https:\/\/www.ekcproject.com\/wp-content\/uploads\/2024\/08\/2-1.png\" alt=\"\" class=\"wp-image-240\" style=\"border-radius:60px;aspect-ratio:1;object-fit:cover;width:173px;height:auto\" srcset=\"https:\/\/www.ekcproject.com\/wp-content\/uploads\/2024\/08\/2-1.png 2470w, https:\/\/www.ekcproject.com\/wp-content\/uploads\/2024\/08\/2-1-300x202.png 300w, https:\/\/www.ekcproject.com\/wp-content\/uploads\/2024\/08\/2-1-1024x689.png 1024w, https:\/\/www.ekcproject.com\/wp-content\/uploads\/2024\/08\/2-1-768x516.png 768w, https:\/\/www.ekcproject.com\/wp-content\/uploads\/2024\/08\/2-1-1536x1033.png 1536w, https:\/\/www.ekcproject.com\/wp-content\/uploads\/2024\/08\/2-1-2048x1377.png 2048w\" sizes=\"(max-width: 2470px) 100vw, 2470px\" \/><\/figure>\n\n\n\n<h2 class=\"wp-block-heading has-text-align-left has-text-color\" style=\"color:#d7d7d7;font-size:18px\"><strong>Proje Y\u00f6netimi<\/strong><\/h2>\n\n\n\n<p class=\"has-text-align-left has-text-color\" style=\"color:#d7d7d7;font-size:18px\">Profesyonel ekiplerimizle, projelerin tasar\u0131mdan uygulama a\u015famas\u0131na kadar her detay\u0131n\u0131 titizlikle y\u00f6neterek y\u00fcksek standartlarda sonu\u00e7lar elde ediyoruz.<\/p>\n<\/div>\n<\/div>\n\n\n\n<div style=\"height:32px\" aria-hidden=\"true\" class=\"wp-block-spacer\"><\/div>\n\n\n\n<div class=\"wp-block-columns is-layout-flex wp-container-core-columns-is-layout-8 wp-block-columns-is-layout-flex\" style=\"margin-top:80px\">\n<div class=\"wp-block-column is-vertically-aligned-center is-layout-flow wp-container-core-column-is-layout-14 wp-block-column-is-layout-flow\">\n<figure class=\"wp-block-image alignleft size-full is-resized has-custom-border is-style-rounded\"><img loading=\"lazy\" decoding=\"async\" width=\"7281\" height=\"6759\" src=\"https:\/\/www.ekcproject.com\/wp-content\/uploads\/2024\/08\/draw-4067546-kopya.png\" alt=\"\" class=\"wp-image-258\" style=\"border-radius:60px;aspect-ratio:1;object-fit:cover;width:174px;height:auto\" srcset=\"https:\/\/www.ekcproject.com\/wp-content\/uploads\/2024\/08\/draw-4067546-kopya.png 7281w, https:\/\/www.ekcproject.com\/wp-content\/uploads\/2024\/08\/draw-4067546-kopya-300x278.png 300w, https:\/\/www.ekcproject.com\/wp-content\/uploads\/2024\/08\/draw-4067546-kopya-1024x951.png 1024w, https:\/\/www.ekcproject.com\/wp-content\/uploads\/2024\/08\/draw-4067546-kopya-768x713.png 768w, https:\/\/www.ekcproject.com\/wp-content\/uploads\/2024\/08\/draw-4067546-kopya-1536x1426.png 1536w, https:\/\/www.ekcproject.com\/wp-content\/uploads\/2024\/08\/draw-4067546-kopya-2048x1901.png 2048w\" sizes=\"(max-width: 7281px) 100vw, 7281px\" \/><\/figure>\n\n\n\n<h2 class=\"wp-block-heading has-text-align-left has-text-color\" style=\"color:#d7d7d7;font-size:18px\"><strong>\u00d6zel Tasar\u0131m \u00c7\u00f6z\u00fcmleri<\/strong><\/h2>\n\n\n\n<p class=\"has-text-align-left has-text-color\" style=\"color:#d7d7d7;font-size:18px\">M\u00fc\u015fteri talepleri do\u011frultusunda \u00f6zel mobilya tasar\u0131mlar\u0131 yaparak, ya\u015fam ve \u00e7al\u0131\u015fma alanlar\u0131n\u0131z\u0131 ki\u015fiselle\u015ftiriyoruz.<\/p>\n<\/div>\n\n\n\n<div class=\"wp-block-column is-vertically-aligned-center is-layout-flow wp-container-core-column-is-layout-15 wp-block-column-is-layout-flow\">\n<figure class=\"wp-block-image alignleft size-full is-resized has-custom-border\"><img loading=\"lazy\" decoding=\"async\" width=\"1537\" height=\"1537\" src=\"https:\/\/www.ekcproject.com\/wp-content\/uploads\/2024\/08\/3-1.png\" alt=\"\" class=\"wp-image-242\" style=\"border-radius:60px;object-fit:cover;width:176px;height:auto\" srcset=\"https:\/\/www.ekcproject.com\/wp-content\/uploads\/2024\/08\/3-1.png 1537w, https:\/\/www.ekcproject.com\/wp-content\/uploads\/2024\/08\/3-1-300x300.png 300w, https:\/\/www.ekcproject.com\/wp-content\/uploads\/2024\/08\/3-1-1024x1024.png 1024w, https:\/\/www.ekcproject.com\/wp-content\/uploads\/2024\/08\/3-1-150x150.png 150w, https:\/\/www.ekcproject.com\/wp-content\/uploads\/2024\/08\/3-1-768x768.png 768w\" sizes=\"(max-width: 1537px) 100vw, 1537px\" \/><\/figure>\n\n\n\n<h2 class=\"wp-block-heading has-text-align-left has-text-color\" style=\"color:#d7d7d7;font-size:18px\"><strong>Kurulum ve Bak\u0131m<\/strong><\/h2>\n\n\n\n<p class=\"has-text-align-left has-text-color\" style=\"color:#d7d7d7;font-size:18px\">Mobilyalar\u0131n\u0131z\u0131n kurulumundan sonra da destek sunarak, uzun \u00f6m\u00fcrl\u00fc ve sorunsuz bir kullan\u0131m sa\u011fl\u0131yoruz.<\/p>\n<\/div>\n<\/div>\n<\/div>\n\n\n\n<div class=\"wp-block-group has-primary-background-color has-background is-layout-constrained wp-container-core-group-is-layout-7 wp-block-group-is-layout-constrained\" style=\"padding-top:7rem;padding-right:var(--wp--preset--spacing--50);padding-bottom:7rem;padding-left:var(--wp--preset--spacing--50)\">\n<div class=\"wp-block-columns are-vertically-aligned-top is-layout-flex wp-container-core-columns-is-layout-9 wp-block-columns-is-layout-flex\">\n<div class=\"wp-block-column is-vertically-aligned-top is-layout-flow wp-block-column-is-layout-flow\" style=\"flex-basis:50%\">\n<div class=\"wp-block-group is-layout-constrained wp-container-core-group-is-layout-6 wp-block-group-is-layout-constrained\">\n<h1 class=\"wp-block-heading has-text-align-left has-foregound-alt-color has-text-color has-xx-large-font-size\" style=\"font-style:normal;font-weight:600\">Referanslar\u0131m\u0131z<\/h1>\n<\/div>\n<\/div>\n<\/div>\n\n\n\n<div class=\"wp-block-columns is-layout-flex wp-container-core-columns-is-layout-10 wp-block-columns-is-layout-flex\" style=\"margin-top:100px\">\n<div class=\"wp-block-column is-vertically-aligned-center is-layout-flow wp-container-core-column-is-layout-17 wp-block-column-is-layout-flow\">\n<ul class=\"wp-block-list\">\n<li>HILTON KONGRE MERKEZ\u0130, TA\u015eKENT, \u00d6ZBEK\u0130STAN<\/li>\n\n\n\n<li>BAK\u00dc MAL\u0130YE BAKANLI\u011eI B\u0130NASI, BAK\u00dc, AZERBEYACAN<\/li>\n\n\n\n<li>GRAND BELLAGIO CASINO, T\u0130FL\u0130S, G\u00dcRC\u0130STAN<\/li>\n\n\n\n<li>GRAND BELLAGIO CASINO, BATUM, G\u00dcRC\u0130STAN<\/li>\n\n\n\n<li>ATA\u015eEH\u0130R MODERN , \u0130STANBUL, T\u00dcRK\u0130YE<\/li>\n\n\n\n<li>BEGONV\u0130LLA SEYREK V\u0130LLALARI, \u0130ZM\u0130R, T\u00dcRK\u0130YE<\/li>\n\n\n\n<li>JASMINE HOTEL, VAHRAN, CEZAY\u0130R<\/li>\n\n\n\n<li>NOVA HOTEL, SETIF, CEZAY\u0130R<\/li>\n\n\n\n<li>SETIF HOTEL, SETIF, CEZAY\u0130R<\/li>\n\n\n\n<li>TADJ EL MAOUADA, SETIF, CEZAY\u0130R<\/li>\n\n\n\n<li>HOTEL MERCURE, SKIKDA, CEZAY\u0130R<\/li>\n\n\n\n<li>ROCKY PLAZA, EL EULMA, CEZAY\u0130R<\/li>\n\n\n\n<li>HOTEL DAR EL AAZ, JIJEL, CEZAY\u0130R<br><br><\/li>\n<\/ul>\n<\/div>\n<\/div>\n\n\n\n<div style=\"height:32px\" aria-hidden=\"true\" class=\"wp-block-spacer\"><\/div>\n\n\n\n<div class=\"wp-block-columns is-layout-flex wp-container-core-columns-is-layout-11 wp-block-columns-is-layout-flex\" style=\"margin-top:80px\"><\/div>\n<\/div>\n\n\n\n<p><\/p>\n","protected":false},"excerpt":{"rendered":"<p>Detaylara b\u00fcy\u00fck bir titizlikle dikkat etme ve m\u00fckemmelli\u011fe olan ba\u011fl\u0131l\u0131\u011f\u0131m\u0131zla, i\u00e7inde ya\u015fayanlar\u0131n hayatlar\u0131na ilham veren, y\u00fckselten ve zenginle\u015ftiren alanlar yarat\u0131yoruz. 2003 y\u0131l\u0131ndan bu yana, sekt\u00f6rdeki k\u00f6kl\u00fc ge\u00e7mi\u015fimizle, uluslararas\u0131 standartlarda mobilya taahh\u00fct ve proje hizmetleri sunmaktay\u0131z. 21 y\u0131ll\u0131k deneyimimizle, toplu konut projelerinden otellere, ofislerden meclis binalar\u0131na, ticari i\u015fletmelerden casino projelerine kadar uzanan geni\u015f bir tasar\u0131m, \u00fcretim&#8230;<\/p>\n","protected":false},"author":1,"featured_media":0,"parent":0,"menu_order":0,"comment_status":"closed","ping_status":"closed","template":"","meta":{"footnotes":""},"class_list":["post-31","page","type-page","status-publish","hentry"],"_links":{"self":[{"href":"https:\/\/www.ekcproject.com\/index.php\/wp-json\/wp\/v2\/pages\/31"}],"collection":[{"href":"https:\/\/www.ekcproject.com\/index.php\/wp-json\/wp\/v2\/pages"}],"about":[{"href":"https:\/\/www.ekcproject.com\/index.php\/wp-json\/wp\/v2\/types\/page"}],"author":[{"embeddable":true,"href":"https:\/\/www.ekcproject.com\/index.php\/wp-json\/wp\/v2\/users\/1"}],"replies":[{"embeddable":true,"href":"https:\/\/www.ekcproject.com\/index.php\/wp-json\/wp\/v2\/comments?post=31"}],"version-history":[{"count":20,"href":"https:\/\/www.ekcproject.com\/index.php\/wp-json\/wp\/v2\/pages\/31\/revisions"}],"predecessor-version":[{"id":599,"href":"https:\/\/www.ekcproject.com\/index.php\/wp-json\/wp\/v2\/pages\/31\/revisions\/599"}],"wp:attachment":[{"href":"https:\/\/www.ekcproject.com\/index.php\/wp-json\/wp\/v2\/media?parent=31"}],"curies":[{"name":"wp","href":"https:\/\/api.w.org\/{rel}","templated":true}]}}