{"id":310,"date":"2024-08-08T07:55:42","date_gmt":"2024-08-08T07:55:42","guid":{"rendered":"https:\/\/www.ekcproject.com\/?page_id=310"},"modified":"2024-08-09T09:19:15","modified_gmt":"2024-08-09T09:19:15","slug":"atasehir-modern","status":"publish","type":"page","link":"https:\/\/www.ekcproject.com\/index.php\/atasehir-modern\/","title":{"rendered":"Ata\u015fehir Modern"},"content":{"rendered":"\n<div class=\"wp-block-group is-layout-constrained wp-container-core-group-is-layout-1 wp-block-group-is-layout-constrained\" style=\"padding-top:3rem;padding-right:var(--wp--preset--spacing--50);padding-bottom:3rem;padding-left:var(--wp--preset--spacing--50)\">\n<div class=\"wp-block-cover is-light\" style=\"min-height:540px;aspect-ratio:unset;\"><span aria-hidden=\"true\" class=\"wp-block-cover__background has-background-dim-0 has-background-dim\" style=\"background-color:#a3b3c5\"><\/span><img loading=\"lazy\" decoding=\"async\" width=\"1333\" height=\"1056\" class=\"wp-block-cover__image-background wp-image-311\" alt=\"\" src=\"https:\/\/www.ekcproject.com\/wp-content\/uploads\/2024\/08\/atasehir8.jpg\" style=\"object-position:60% 89%\" data-object-fit=\"cover\" data-object-position=\"60% 89%\" srcset=\"https:\/\/www.ekcproject.com\/wp-content\/uploads\/2024\/08\/atasehir8.jpg 1333w, https:\/\/www.ekcproject.com\/wp-content\/uploads\/2024\/08\/atasehir8-300x238.jpg 300w, https:\/\/www.ekcproject.com\/wp-content\/uploads\/2024\/08\/atasehir8-1024x811.jpg 1024w, https:\/\/www.ekcproject.com\/wp-content\/uploads\/2024\/08\/atasehir8-768x608.jpg 768w\" sizes=\"(max-width: 1333px) 100vw, 1333px\" \/><div class=\"wp-block-cover__inner-container is-layout-constrained wp-block-cover-is-layout-constrained\">\n<p class=\"has-text-align-center has-large-font-size\"><\/p>\n<\/div><\/div>\n\n\n\n<div class=\"wp-block-columns is-layout-flex wp-container-core-columns-is-layout-1 wp-block-columns-is-layout-flex\" style=\"padding-top:0\">\n<div class=\"wp-block-column is-vertically-aligned-top is-layout-flow wp-block-column-is-layout-flow\" style=\"flex-basis:45%\">\n<h1 class=\"wp-block-heading has-text-align-left has-heading-color-color has-text-color has-xx-large-font-size\" style=\"font-style:normal;font-weight:600;line-height:1.5\">ATA\u015eEH\u0130R MODERN<\/h1>\n\n\n\n<h4 class=\"wp-block-heading has-medium-font-size\">Ata\u015fehir | \u0130stanbul<\/h4>\n\n\n\n<h4 class=\"wp-block-heading has-medium-font-size\">2024<\/h4>\n\n\n\n<h6 class=\"wp-block-heading\">Sabit Mobilya \u0130\u015fleri<\/h6>\n<\/div>\n\n\n\n<div class=\"wp-block-column is-vertically-aligned-center is-layout-flow wp-container-core-column-is-layout-2 wp-block-column-is-layout-flow\" style=\"flex-basis:55%\">\n<p class=\"has-small-font-size\">TMSF&#8217;nin prestijli in\u015faat projelerinden biri olan &#8220;Ata\u015fehir Modern&#8221;, \u0130stanbul&#8217;un g\u00f6zde b\u00f6lgelerinden Ata\u015fehir&#8217;de y\u00fckseliyor. Bu proje, modern ya\u015fam\u0131n t\u00fcm gereksinimlerini kar\u015f\u0131layan bir konut kompleksidir. Bizler EKC Project olarak Ata\u015fehir Modern&#8217;in sabit mobilya kalemlerinin imalat\u0131nda \u00fcstlendi\u011fimiz rol ile, Ata\u015fehir Modern&#8217;in zarafetini ve konforunu en \u00fcst seviyeye ta\u015f\u0131maktan gurur duyuyoruz.<\/p>\n<\/div>\n<\/div>\n\n\n\n<figure class=\"wp-block-gallery has-nested-images columns-default is-cropped wp-block-gallery-1 is-layout-flex wp-block-gallery-is-layout-flex\">\n<figure class=\"wp-block-image size-large\"><img loading=\"lazy\" decoding=\"async\" width=\"1024\" height=\"811\" src=\"https:\/\/www.ekcproject.com\/wp-content\/uploads\/2024\/08\/icmekan2-1-1024x811.jpg\" alt=\"\" class=\"wp-image-312\" srcset=\"https:\/\/www.ekcproject.com\/wp-content\/uploads\/2024\/08\/icmekan2-1-1024x811.jpg 1024w, https:\/\/www.ekcproject.com\/wp-content\/uploads\/2024\/08\/icmekan2-1-300x238.jpg 300w, https:\/\/www.ekcproject.com\/wp-content\/uploads\/2024\/08\/icmekan2-1-768x608.jpg 768w, https:\/\/www.ekcproject.com\/wp-content\/uploads\/2024\/08\/icmekan2-1.jpg 1333w\" sizes=\"(max-width: 1024px) 100vw, 1024px\" \/><\/figure>\n\n\n\n<figure class=\"wp-block-image size-large\"><img loading=\"lazy\" decoding=\"async\" width=\"1024\" height=\"811\" src=\"https:\/\/www.ekcproject.com\/wp-content\/uploads\/2024\/08\/icmekan3-1024x811.jpg\" alt=\"\" class=\"wp-image-313\" srcset=\"https:\/\/www.ekcproject.com\/wp-content\/uploads\/2024\/08\/icmekan3-1024x811.jpg 1024w, https:\/\/www.ekcproject.com\/wp-content\/uploads\/2024\/08\/icmekan3-300x238.jpg 300w, https:\/\/www.ekcproject.com\/wp-content\/uploads\/2024\/08\/icmekan3-768x608.jpg 768w, https:\/\/www.ekcproject.com\/wp-content\/uploads\/2024\/08\/icmekan3.jpg 1333w\" sizes=\"(max-width: 1024px) 100vw, 1024px\" \/><\/figure>\n\n\n\n<figure class=\"wp-block-image size-large\"><img loading=\"lazy\" decoding=\"async\" width=\"1024\" height=\"811\" src=\"https:\/\/www.ekcproject.com\/wp-content\/uploads\/2024\/08\/icmekan6-1024x811.jpg\" alt=\"\" class=\"wp-image-316\" srcset=\"https:\/\/www.ekcproject.com\/wp-content\/uploads\/2024\/08\/icmekan6-1024x811.jpg 1024w, https:\/\/www.ekcproject.com\/wp-content\/uploads\/2024\/08\/icmekan6-300x238.jpg 300w, https:\/\/www.ekcproject.com\/wp-content\/uploads\/2024\/08\/icmekan6-768x608.jpg 768w, https:\/\/www.ekcproject.com\/wp-content\/uploads\/2024\/08\/icmekan6.jpg 1333w\" sizes=\"(max-width: 1024px) 100vw, 1024px\" \/><\/figure>\n<\/figure>\n\n\n\n<figure class=\"wp-block-gallery has-nested-images columns-default is-cropped wp-block-gallery-2 is-layout-flex wp-block-gallery-is-layout-flex\">\n<figure class=\"wp-block-image size-large\"><img loading=\"lazy\" decoding=\"async\" width=\"1024\" height=\"811\" src=\"https:\/\/www.ekcproject.com\/wp-content\/uploads\/2024\/08\/icmekan8-1024x811.jpg\" alt=\"\" class=\"wp-image-317\" srcset=\"https:\/\/www.ekcproject.com\/wp-content\/uploads\/2024\/08\/icmekan8-1024x811.jpg 1024w, https:\/\/www.ekcproject.com\/wp-content\/uploads\/2024\/08\/icmekan8-300x238.jpg 300w, https:\/\/www.ekcproject.com\/wp-content\/uploads\/2024\/08\/icmekan8-768x608.jpg 768w, https:\/\/www.ekcproject.com\/wp-content\/uploads\/2024\/08\/icmekan8.jpg 1333w\" sizes=\"(max-width: 1024px) 100vw, 1024px\" \/><\/figure>\n\n\n\n<figure class=\"wp-block-image size-large\"><img loading=\"lazy\" decoding=\"async\" width=\"1024\" height=\"811\" src=\"https:\/\/www.ekcproject.com\/wp-content\/uploads\/2024\/08\/icmekan9-1-1024x811.jpg\" alt=\"\" class=\"wp-image-318\" srcset=\"https:\/\/www.ekcproject.com\/wp-content\/uploads\/2024\/08\/icmekan9-1-1024x811.jpg 1024w, https:\/\/www.ekcproject.com\/wp-content\/uploads\/2024\/08\/icmekan9-1-300x238.jpg 300w, https:\/\/www.ekcproject.com\/wp-content\/uploads\/2024\/08\/icmekan9-1-768x608.jpg 768w, https:\/\/www.ekcproject.com\/wp-content\/uploads\/2024\/08\/icmekan9-1.jpg 1333w\" sizes=\"(max-width: 1024px) 100vw, 1024px\" \/><\/figure>\n\n\n\n<figure class=\"wp-block-image size-large\"><img loading=\"lazy\" decoding=\"async\" width=\"1024\" height=\"811\" src=\"https:\/\/www.ekcproject.com\/wp-content\/uploads\/2024\/08\/icmekan10-1-1024x811.jpg\" alt=\"\" class=\"wp-image-319\" srcset=\"https:\/\/www.ekcproject.com\/wp-content\/uploads\/2024\/08\/icmekan10-1-1024x811.jpg 1024w, https:\/\/www.ekcproject.com\/wp-content\/uploads\/2024\/08\/icmekan10-1-300x238.jpg 300w, https:\/\/www.ekcproject.com\/wp-content\/uploads\/2024\/08\/icmekan10-1-768x608.jpg 768w, https:\/\/www.ekcproject.com\/wp-content\/uploads\/2024\/08\/icmekan10-1.jpg 1333w\" sizes=\"(max-width: 1024px) 100vw, 1024px\" \/><\/figure>\n<\/figure>\n<\/div>\n","protected":false},"excerpt":{"rendered":"<p>ATA\u015eEH\u0130R MODERN Ata\u015fehir | \u0130stanbul 2024 Sabit Mobilya \u0130\u015fleri TMSF&#8217;nin prestijli in\u015faat projelerinden biri olan &#8220;Ata\u015fehir Modern&#8221;, \u0130stanbul&#8217;un g\u00f6zde b\u00f6lgelerinden Ata\u015fehir&#8217;de y\u00fckseliyor. Bu proje, modern ya\u015fam\u0131n t\u00fcm gereksinimlerini kar\u015f\u0131layan bir konut kompleksidir. Bizler EKC Project olarak Ata\u015fehir Modern&#8217;in sabit mobilya kalemlerinin imalat\u0131nda \u00fcstlendi\u011fimiz rol ile, Ata\u015fehir Modern&#8217;in zarafetini ve konforunu en \u00fcst seviyeye ta\u015f\u0131maktan gurur&#8230;<\/p>\n","protected":false},"author":1,"featured_media":0,"parent":0,"menu_order":0,"comment_status":"closed","ping_status":"closed","template":"","meta":{"footnotes":""},"class_list":["post-310","page","type-page","status-publish","hentry"],"_links":{"self":[{"href":"https:\/\/www.ekcproject.com\/index.php\/wp-json\/wp\/v2\/pages\/310"}],"collection":[{"href":"https:\/\/www.ekcproject.com\/index.php\/wp-json\/wp\/v2\/pages"}],"about":[{"href":"https:\/\/www.ekcproject.com\/index.php\/wp-json\/wp\/v2\/types\/page"}],"author":[{"embeddable":true,"href":"https:\/\/www.ekcproject.com\/index.php\/wp-json\/wp\/v2\/users\/1"}],"replies":[{"embeddable":true,"href":"https:\/\/www.ekcproject.com\/index.php\/wp-json\/wp\/v2\/comments?post=310"}],"version-history":[{"count":2,"href":"https:\/\/www.ekcproject.com\/index.php\/wp-json\/wp\/v2\/pages\/310\/revisions"}],"predecessor-version":[{"id":508,"href":"https:\/\/www.ekcproject.com\/index.php\/wp-json\/wp\/v2\/pages\/310\/revisions\/508"}],"wp:attachment":[{"href":"https:\/\/www.ekcproject.com\/index.php\/wp-json\/wp\/v2\/media?parent=310"}],"curies":[{"name":"wp","href":"https:\/\/api.w.org\/{rel}","templated":true}]}}