{"id":447,"date":"2024-08-09T08:51:35","date_gmt":"2024-08-09T08:51:35","guid":{"rendered":"https:\/\/www.ekcproject.com\/?page_id=447"},"modified":"2024-08-09T09:19:21","modified_gmt":"2024-08-09T09:19:21","slug":"nevbahar-konutlari","status":"publish","type":"page","link":"https:\/\/www.ekcproject.com\/index.php\/nevbahar-konutlari\/","title":{"rendered":"Nevbahar Konutlar\u0131"},"content":{"rendered":"\n<div class=\"wp-block-group is-layout-constrained wp-container-core-group-is-layout-1 wp-block-group-is-layout-constrained\" style=\"padding-top:3rem;padding-right:var(--wp--preset--spacing--50);padding-bottom:3rem;padding-left:var(--wp--preset--spacing--50)\">\n<div class=\"wp-block-cover\" style=\"min-height:540px;aspect-ratio:unset;\"><span aria-hidden=\"true\" class=\"wp-block-cover__background has-background-dim-0 has-background-dim\" style=\"background-color:#877768\"><\/span><img loading=\"lazy\" decoding=\"async\" width=\"766\" height=\"529\" class=\"wp-block-cover__image-background wp-image-448\" alt=\"\" src=\"https:\/\/www.ekcproject.com\/wp-content\/uploads\/2024\/08\/ebeveynodasi3-5.png\" style=\"object-position:60% 92%\" data-object-fit=\"cover\" data-object-position=\"60% 92%\" srcset=\"https:\/\/www.ekcproject.com\/wp-content\/uploads\/2024\/08\/ebeveynodasi3-5.png 766w, https:\/\/www.ekcproject.com\/wp-content\/uploads\/2024\/08\/ebeveynodasi3-5-300x207.png 300w\" sizes=\"(max-width: 766px) 100vw, 766px\" \/><div class=\"wp-block-cover__inner-container is-layout-constrained wp-block-cover-is-layout-constrained\">\n<p class=\"has-text-align-center has-large-font-size\"><\/p>\n<\/div><\/div>\n\n\n\n<div class=\"wp-block-columns is-layout-flex wp-container-core-columns-is-layout-1 wp-block-columns-is-layout-flex\" style=\"padding-top:0\">\n<div class=\"wp-block-column is-vertically-aligned-top is-layout-flow wp-block-column-is-layout-flow\" style=\"flex-basis:45%\">\n<h1 class=\"wp-block-heading has-text-align-left has-heading-color-color has-text-color has-xx-large-font-size\" style=\"font-style:normal;font-weight:600;line-height:1.5\">NEVBAHAR KONUTLARI<\/h1>\n\n\n\n<h4 class=\"wp-block-heading\">Kemerburgaz | \u0130stanbul<\/h4>\n\n\n\n<h4 class=\"wp-block-heading\">2023<\/h4>\n\n\n\n<h6 class=\"wp-block-heading\">Sabit Mobilya \u0130\u015fleri<\/h6>\n<\/div>\n\n\n\n<div class=\"wp-block-column is-vertically-aligned-center is-layout-flow wp-container-core-column-is-layout-2 wp-block-column-is-layout-flow\" style=\"flex-basis:55%\">\n<p class=\"has-small-font-size\">Nevbahar Kemerburgaz, \u015fehrin kalabal\u0131\u011f\u0131ndan uzak, do\u011fayla i\u00e7 i\u00e7e bir ya\u015fam sunan prestijli bir projedir. Bu benzersiz projede mobilya kalemlerinin \u00fcretim ve uygulama s\u00fcre\u00e7lerini \u00fcstlenmi\u015f olmaktan gurur duyuyoruz. <\/p>\n\n\n\n<p class=\"has-small-font-size\">Nevbahar Kemerburgaz, modern konforu ve esteti\u011fi bir araya getirirken, sundu\u011fumuz mobilya \u00e7\u00f6z\u00fcmleriyle bu ya\u015fam alanlar\u0131n\u0131 daha da \u00f6zel hale getiriyoruz. Kullan\u0131lan mobilyalar, modern estetik anlay\u0131\u015f\u0131n\u0131 ve \u015f\u0131kl\u0131\u011f\u0131 \u00f6n planda tutar. Y\u00fcksek kaliteli malzemeler ve zarif detaylar, projeye sofistike bir dokunu\u015f kazand\u0131r\u0131r.<\/p>\n\n\n\n<p class=\"has-small-font-size\">Mobilyalar\u0131m\u0131z, uzun \u00f6m\u00fcrl\u00fc ve dayan\u0131kl\u0131 malzemelerden \u00fcretilmi\u015ftir. Her par\u00e7a, estetik ve fonksiyonelli\u011fi bir araya getirirken, ayn\u0131 zamanda dayan\u0131kl\u0131l\u0131\u011f\u0131 ve kaliteyi garantiler.<\/p>\n<\/div>\n<\/div>\n<\/div>\n\n\n\n<div style=\"height:var(--wp--preset--spacing--50)\" aria-hidden=\"true\" class=\"wp-block-spacer\"><\/div>\n\n\n\n<div class=\"wp-block-group alignwide is-layout-constrained wp-block-group-is-layout-constrained\">\n<h1 class=\"wp-block-heading alignwide has-xx-large-font-size\" style=\"line-height:1.2\">2+1<\/h1>\n\n\n\n<figure class=\"wp-block-gallery has-nested-images columns-default is-cropped wp-block-gallery-1 is-layout-flex wp-block-gallery-is-layout-flex\">\n<figure class=\"wp-block-image size-large\"><img loading=\"lazy\" decoding=\"async\" width=\"491\" height=\"491\" src=\"https:\/\/www.ekcproject.com\/wp-content\/uploads\/2024\/08\/antre.png\" alt=\"\" class=\"wp-image-455\" srcset=\"https:\/\/www.ekcproject.com\/wp-content\/uploads\/2024\/08\/antre.png 491w, https:\/\/www.ekcproject.com\/wp-content\/uploads\/2024\/08\/antre-300x300.png 300w, https:\/\/www.ekcproject.com\/wp-content\/uploads\/2024\/08\/antre-150x150.png 150w\" sizes=\"(max-width: 491px) 100vw, 491px\" \/><\/figure>\n\n\n\n<figure class=\"wp-block-image size-large\"><img loading=\"lazy\" decoding=\"async\" width=\"491\" height=\"491\" src=\"https:\/\/www.ekcproject.com\/wp-content\/uploads\/2024\/08\/antre1.png\" alt=\"\" class=\"wp-image-454\" srcset=\"https:\/\/www.ekcproject.com\/wp-content\/uploads\/2024\/08\/antre1.png 491w, https:\/\/www.ekcproject.com\/wp-content\/uploads\/2024\/08\/antre1-300x300.png 300w, https:\/\/www.ekcproject.com\/wp-content\/uploads\/2024\/08\/antre1-150x150.png 150w\" sizes=\"(max-width: 491px) 100vw, 491px\" \/><\/figure>\n\n\n\n<figure class=\"wp-block-image size-large\"><img loading=\"lazy\" decoding=\"async\" width=\"491\" height=\"491\" src=\"https:\/\/www.ekcproject.com\/wp-content\/uploads\/2024\/08\/antre2.png\" alt=\"\" class=\"wp-image-456\" srcset=\"https:\/\/www.ekcproject.com\/wp-content\/uploads\/2024\/08\/antre2.png 491w, https:\/\/www.ekcproject.com\/wp-content\/uploads\/2024\/08\/antre2-300x300.png 300w, https:\/\/www.ekcproject.com\/wp-content\/uploads\/2024\/08\/antre2-150x150.png 150w\" sizes=\"(max-width: 491px) 100vw, 491px\" \/><\/figure>\n<\/figure>\n\n\n\n<figure class=\"wp-block-gallery has-nested-images columns-default is-cropped wp-block-gallery-2 is-layout-flex wp-block-gallery-is-layout-flex\">\n<figure class=\"wp-block-image size-full\"><img loading=\"lazy\" decoding=\"async\" width=\"491\" height=\"491\" src=\"https:\/\/www.ekcproject.com\/wp-content\/uploads\/2024\/08\/mutfak-3.png\" alt=\"\" class=\"wp-image-503\" srcset=\"https:\/\/www.ekcproject.com\/wp-content\/uploads\/2024\/08\/mutfak-3.png 491w, https:\/\/www.ekcproject.com\/wp-content\/uploads\/2024\/08\/mutfak-3-300x300.png 300w, https:\/\/www.ekcproject.com\/wp-content\/uploads\/2024\/08\/mutfak-3-150x150.png 150w\" sizes=\"(max-width: 491px) 100vw, 491px\" \/><\/figure>\n\n\n\n<figure class=\"wp-block-image size-full\"><img loading=\"lazy\" decoding=\"async\" width=\"491\" height=\"491\" src=\"https:\/\/www.ekcproject.com\/wp-content\/uploads\/2024\/08\/salon3-4.png\" alt=\"\" class=\"wp-image-505\" srcset=\"https:\/\/www.ekcproject.com\/wp-content\/uploads\/2024\/08\/salon3-4.png 491w, https:\/\/www.ekcproject.com\/wp-content\/uploads\/2024\/08\/salon3-4-300x300.png 300w, https:\/\/www.ekcproject.com\/wp-content\/uploads\/2024\/08\/salon3-4-150x150.png 150w\" sizes=\"(max-width: 491px) 100vw, 491px\" \/><\/figure>\n\n\n\n<figure class=\"wp-block-image size-full\"><img loading=\"lazy\" decoding=\"async\" width=\"491\" height=\"491\" src=\"https:\/\/www.ekcproject.com\/wp-content\/uploads\/2024\/08\/wc1.png\" alt=\"\" class=\"wp-image-464\" srcset=\"https:\/\/www.ekcproject.com\/wp-content\/uploads\/2024\/08\/wc1.png 491w, https:\/\/www.ekcproject.com\/wp-content\/uploads\/2024\/08\/wc1-300x300.png 300w, https:\/\/www.ekcproject.com\/wp-content\/uploads\/2024\/08\/wc1-150x150.png 150w\" sizes=\"(max-width: 491px) 100vw, 491px\" \/><\/figure>\n<\/figure>\n<\/div>\n\n\n\n<div class=\"wp-block-group alignwide is-layout-constrained wp-block-group-is-layout-constrained\">\n<h1 class=\"wp-block-heading alignwide has-xx-large-font-size\" style=\"line-height:1.2\">3+1<\/h1>\n<\/div>\n\n\n\n<figure class=\"wp-block-gallery has-nested-images columns-default is-cropped wp-block-gallery-3 is-layout-flex wp-block-gallery-is-layout-flex\">\n<figure class=\"wp-block-image size-large\"><img loading=\"lazy\" decoding=\"async\" width=\"635\" height=\"541\" data-id=\"469\" src=\"https:\/\/www.ekcproject.com\/wp-content\/uploads\/2024\/08\/antre-1.png\" alt=\"\" class=\"wp-image-469\" srcset=\"https:\/\/www.ekcproject.com\/wp-content\/uploads\/2024\/08\/antre-1.png 635w, https:\/\/www.ekcproject.com\/wp-content\/uploads\/2024\/08\/antre-1-300x256.png 300w\" sizes=\"(max-width: 635px) 100vw, 635px\" \/><\/figure>\n\n\n\n<figure class=\"wp-block-image size-large\"><img loading=\"lazy\" decoding=\"async\" width=\"632\" height=\"538\" data-id=\"471\" src=\"https:\/\/www.ekcproject.com\/wp-content\/uploads\/2024\/08\/antre1-1.png\" alt=\"\" class=\"wp-image-471\" srcset=\"https:\/\/www.ekcproject.com\/wp-content\/uploads\/2024\/08\/antre1-1.png 632w, https:\/\/www.ekcproject.com\/wp-content\/uploads\/2024\/08\/antre1-1-300x255.png 300w\" sizes=\"(max-width: 632px) 100vw, 632px\" \/><\/figure>\n\n\n\n<figure class=\"wp-block-image size-large\"><img loading=\"lazy\" decoding=\"async\" width=\"631\" height=\"535\" data-id=\"470\" src=\"https:\/\/www.ekcproject.com\/wp-content\/uploads\/2024\/08\/antre2-1.png\" alt=\"\" class=\"wp-image-470\" srcset=\"https:\/\/www.ekcproject.com\/wp-content\/uploads\/2024\/08\/antre2-1.png 631w, https:\/\/www.ekcproject.com\/wp-content\/uploads\/2024\/08\/antre2-1-300x254.png 300w\" sizes=\"(max-width: 631px) 100vw, 631px\" \/><\/figure>\n<\/figure>\n\n\n\n<figure class=\"wp-block-gallery has-nested-images columns-default is-cropped wp-block-gallery-4 is-layout-flex wp-block-gallery-is-layout-flex\">\n<figure class=\"wp-block-image size-full\"><img loading=\"lazy\" decoding=\"async\" width=\"491\" height=\"491\" data-id=\"473\" src=\"https:\/\/www.ekcproject.com\/wp-content\/uploads\/2024\/08\/mutfak-1.png\" alt=\"\" class=\"wp-image-473\" srcset=\"https:\/\/www.ekcproject.com\/wp-content\/uploads\/2024\/08\/mutfak-1.png 491w, https:\/\/www.ekcproject.com\/wp-content\/uploads\/2024\/08\/mutfak-1-300x300.png 300w, https:\/\/www.ekcproject.com\/wp-content\/uploads\/2024\/08\/mutfak-1-150x150.png 150w\" sizes=\"(max-width: 491px) 100vw, 491px\" \/><\/figure>\n\n\n\n<figure class=\"wp-block-image size-full\"><img loading=\"lazy\" decoding=\"async\" width=\"491\" height=\"491\" data-id=\"474\" src=\"https:\/\/www.ekcproject.com\/wp-content\/uploads\/2024\/08\/mutfak1.png\" alt=\"\" class=\"wp-image-474\" srcset=\"https:\/\/www.ekcproject.com\/wp-content\/uploads\/2024\/08\/mutfak1.png 491w, https:\/\/www.ekcproject.com\/wp-content\/uploads\/2024\/08\/mutfak1-300x300.png 300w, https:\/\/www.ekcproject.com\/wp-content\/uploads\/2024\/08\/mutfak1-150x150.png 150w\" sizes=\"(max-width: 491px) 100vw, 491px\" \/><\/figure>\n\n\n\n<figure class=\"wp-block-image size-full\"><img loading=\"lazy\" decoding=\"async\" width=\"491\" height=\"491\" data-id=\"475\" src=\"https:\/\/www.ekcproject.com\/wp-content\/uploads\/2024\/08\/mutfak2.png\" alt=\"\" class=\"wp-image-475\" srcset=\"https:\/\/www.ekcproject.com\/wp-content\/uploads\/2024\/08\/mutfak2.png 491w, https:\/\/www.ekcproject.com\/wp-content\/uploads\/2024\/08\/mutfak2-300x300.png 300w, https:\/\/www.ekcproject.com\/wp-content\/uploads\/2024\/08\/mutfak2-150x150.png 150w\" sizes=\"(max-width: 491px) 100vw, 491px\" \/><\/figure>\n<\/figure>\n\n\n\n<figure class=\"wp-block-gallery has-nested-images columns-default is-cropped wp-block-gallery-5 is-layout-flex wp-block-gallery-is-layout-flex\">\n<figure class=\"wp-block-image size-full\"><img loading=\"lazy\" decoding=\"async\" width=\"491\" height=\"491\" data-id=\"477\" src=\"https:\/\/www.ekcproject.com\/wp-content\/uploads\/2024\/08\/wc1-1.png\" alt=\"\" class=\"wp-image-477\" srcset=\"https:\/\/www.ekcproject.com\/wp-content\/uploads\/2024\/08\/wc1-1.png 491w, https:\/\/www.ekcproject.com\/wp-content\/uploads\/2024\/08\/wc1-1-300x300.png 300w, https:\/\/www.ekcproject.com\/wp-content\/uploads\/2024\/08\/wc1-1-150x150.png 150w\" sizes=\"(max-width: 491px) 100vw, 491px\" \/><\/figure>\n\n\n\n<figure class=\"wp-block-image size-full\"><img loading=\"lazy\" decoding=\"async\" width=\"491\" height=\"491\" data-id=\"478\" src=\"https:\/\/www.ekcproject.com\/wp-content\/uploads\/2024\/08\/wc2.png\" alt=\"\" class=\"wp-image-478\" srcset=\"https:\/\/www.ekcproject.com\/wp-content\/uploads\/2024\/08\/wc2.png 491w, https:\/\/www.ekcproject.com\/wp-content\/uploads\/2024\/08\/wc2-300x300.png 300w, https:\/\/www.ekcproject.com\/wp-content\/uploads\/2024\/08\/wc2-150x150.png 150w\" sizes=\"(max-width: 491px) 100vw, 491px\" \/><\/figure>\n\n\n\n<figure class=\"wp-block-image size-full\"><img loading=\"lazy\" decoding=\"async\" width=\"491\" height=\"491\" data-id=\"479\" src=\"https:\/\/www.ekcproject.com\/wp-content\/uploads\/2024\/08\/wc3.png\" alt=\"\" class=\"wp-image-479\" srcset=\"https:\/\/www.ekcproject.com\/wp-content\/uploads\/2024\/08\/wc3.png 491w, https:\/\/www.ekcproject.com\/wp-content\/uploads\/2024\/08\/wc3-300x300.png 300w, https:\/\/www.ekcproject.com\/wp-content\/uploads\/2024\/08\/wc3-150x150.png 150w\" sizes=\"(max-width: 491px) 100vw, 491px\" \/><\/figure>\n<\/figure>\n\n\n\n<div class=\"wp-block-group alignwide is-layout-constrained wp-block-group-is-layout-constrained\">\n<h1 class=\"wp-block-heading alignwide has-xx-large-font-size\" style=\"line-height:1.2\">4+1<\/h1>\n<\/div>\n\n\n\n<figure class=\"wp-block-gallery has-nested-images columns-default is-cropped wp-block-gallery-6 is-layout-flex wp-block-gallery-is-layout-flex\">\n<figure class=\"wp-block-image size-full\"><img loading=\"lazy\" decoding=\"async\" width=\"491\" height=\"491\" data-id=\"482\" src=\"https:\/\/www.ekcproject.com\/wp-content\/uploads\/2024\/08\/antre-2.png\" alt=\"\" class=\"wp-image-482\" srcset=\"https:\/\/www.ekcproject.com\/wp-content\/uploads\/2024\/08\/antre-2.png 491w, https:\/\/www.ekcproject.com\/wp-content\/uploads\/2024\/08\/antre-2-300x300.png 300w, https:\/\/www.ekcproject.com\/wp-content\/uploads\/2024\/08\/antre-2-150x150.png 150w\" sizes=\"(max-width: 491px) 100vw, 491px\" \/><\/figure>\n\n\n\n<figure class=\"wp-block-image size-full\"><img loading=\"lazy\" decoding=\"async\" width=\"491\" height=\"491\" data-id=\"483\" src=\"https:\/\/www.ekcproject.com\/wp-content\/uploads\/2024\/08\/antre1-2.png\" alt=\"\" class=\"wp-image-483\" srcset=\"https:\/\/www.ekcproject.com\/wp-content\/uploads\/2024\/08\/antre1-2.png 491w, https:\/\/www.ekcproject.com\/wp-content\/uploads\/2024\/08\/antre1-2-300x300.png 300w, https:\/\/www.ekcproject.com\/wp-content\/uploads\/2024\/08\/antre1-2-150x150.png 150w\" sizes=\"(max-width: 491px) 100vw, 491px\" \/><\/figure>\n\n\n\n<figure class=\"wp-block-image size-full\"><img loading=\"lazy\" decoding=\"async\" width=\"491\" height=\"491\" data-id=\"484\" src=\"https:\/\/www.ekcproject.com\/wp-content\/uploads\/2024\/08\/antre3.png\" alt=\"\" class=\"wp-image-484\" srcset=\"https:\/\/www.ekcproject.com\/wp-content\/uploads\/2024\/08\/antre3.png 491w, https:\/\/www.ekcproject.com\/wp-content\/uploads\/2024\/08\/antre3-300x300.png 300w, https:\/\/www.ekcproject.com\/wp-content\/uploads\/2024\/08\/antre3-150x150.png 150w\" sizes=\"(max-width: 491px) 100vw, 491px\" \/><\/figure>\n<\/figure>\n\n\n\n<figure class=\"wp-block-gallery has-nested-images columns-default is-cropped wp-block-gallery-7 is-layout-flex wp-block-gallery-is-layout-flex\">\n<figure class=\"wp-block-image size-full\"><img loading=\"lazy\" decoding=\"async\" width=\"491\" height=\"491\" data-id=\"485\" src=\"https:\/\/www.ekcproject.com\/wp-content\/uploads\/2024\/08\/antre2-2.png\" alt=\"\" class=\"wp-image-485\" srcset=\"https:\/\/www.ekcproject.com\/wp-content\/uploads\/2024\/08\/antre2-2.png 491w, https:\/\/www.ekcproject.com\/wp-content\/uploads\/2024\/08\/antre2-2-300x300.png 300w, https:\/\/www.ekcproject.com\/wp-content\/uploads\/2024\/08\/antre2-2-150x150.png 150w\" sizes=\"(max-width: 491px) 100vw, 491px\" \/><\/figure>\n\n\n\n<figure class=\"wp-block-image size-full\"><img loading=\"lazy\" decoding=\"async\" width=\"491\" height=\"491\" data-id=\"486\" src=\"https:\/\/www.ekcproject.com\/wp-content\/uploads\/2024\/08\/mutfak-2.png\" alt=\"\" class=\"wp-image-486\" srcset=\"https:\/\/www.ekcproject.com\/wp-content\/uploads\/2024\/08\/mutfak-2.png 491w, https:\/\/www.ekcproject.com\/wp-content\/uploads\/2024\/08\/mutfak-2-300x300.png 300w, https:\/\/www.ekcproject.com\/wp-content\/uploads\/2024\/08\/mutfak-2-150x150.png 150w\" sizes=\"(max-width: 491px) 100vw, 491px\" \/><\/figure>\n\n\n\n<figure class=\"wp-block-image size-full\"><img loading=\"lazy\" decoding=\"async\" width=\"491\" height=\"491\" data-id=\"487\" src=\"https:\/\/www.ekcproject.com\/wp-content\/uploads\/2024\/08\/mutfak1-1.png\" alt=\"\" class=\"wp-image-487\" srcset=\"https:\/\/www.ekcproject.com\/wp-content\/uploads\/2024\/08\/mutfak1-1.png 491w, https:\/\/www.ekcproject.com\/wp-content\/uploads\/2024\/08\/mutfak1-1-300x300.png 300w, https:\/\/www.ekcproject.com\/wp-content\/uploads\/2024\/08\/mutfak1-1-150x150.png 150w\" sizes=\"(max-width: 491px) 100vw, 491px\" \/><\/figure>\n<\/figure>\n\n\n\n<figure class=\"wp-block-gallery has-nested-images columns-default is-cropped wp-block-gallery-8 is-layout-flex wp-block-gallery-is-layout-flex\">\n<figure class=\"wp-block-image size-full\"><img loading=\"lazy\" decoding=\"async\" width=\"491\" height=\"491\" data-id=\"488\" src=\"https:\/\/www.ekcproject.com\/wp-content\/uploads\/2024\/08\/mutfak2-1.png\" alt=\"\" class=\"wp-image-488\" srcset=\"https:\/\/www.ekcproject.com\/wp-content\/uploads\/2024\/08\/mutfak2-1.png 491w, https:\/\/www.ekcproject.com\/wp-content\/uploads\/2024\/08\/mutfak2-1-300x300.png 300w, https:\/\/www.ekcproject.com\/wp-content\/uploads\/2024\/08\/mutfak2-1-150x150.png 150w\" sizes=\"(max-width: 491px) 100vw, 491px\" \/><\/figure>\n\n\n\n<figure class=\"wp-block-image size-full\"><img loading=\"lazy\" decoding=\"async\" width=\"491\" height=\"491\" data-id=\"489\" src=\"https:\/\/www.ekcproject.com\/wp-content\/uploads\/2024\/08\/mutfak3.png\" alt=\"\" class=\"wp-image-489\" srcset=\"https:\/\/www.ekcproject.com\/wp-content\/uploads\/2024\/08\/mutfak3.png 491w, https:\/\/www.ekcproject.com\/wp-content\/uploads\/2024\/08\/mutfak3-300x300.png 300w, https:\/\/www.ekcproject.com\/wp-content\/uploads\/2024\/08\/mutfak3-150x150.png 150w\" sizes=\"(max-width: 491px) 100vw, 491px\" \/><\/figure>\n\n\n\n<figure class=\"wp-block-image size-full\"><img loading=\"lazy\" decoding=\"async\" width=\"491\" height=\"491\" data-id=\"490\" src=\"https:\/\/www.ekcproject.com\/wp-content\/uploads\/2024\/08\/ebeveynwc.png\" alt=\"\" class=\"wp-image-490\" srcset=\"https:\/\/www.ekcproject.com\/wp-content\/uploads\/2024\/08\/ebeveynwc.png 491w, https:\/\/www.ekcproject.com\/wp-content\/uploads\/2024\/08\/ebeveynwc-300x300.png 300w, https:\/\/www.ekcproject.com\/wp-content\/uploads\/2024\/08\/ebeveynwc-150x150.png 150w\" sizes=\"(max-width: 491px) 100vw, 491px\" \/><\/figure>\n<\/figure>\n\n\n\n<figure class=\"wp-block-gallery has-nested-images columns-default is-cropped wp-block-gallery-9 is-layout-flex wp-block-gallery-is-layout-flex\">\n<figure class=\"wp-block-image size-full\"><img loading=\"lazy\" decoding=\"async\" width=\"491\" height=\"491\" data-id=\"491\" src=\"https:\/\/www.ekcproject.com\/wp-content\/uploads\/2024\/08\/ebeveynodasi3-6.png\" alt=\"\" class=\"wp-image-491\" srcset=\"https:\/\/www.ekcproject.com\/wp-content\/uploads\/2024\/08\/ebeveynodasi3-6.png 491w, https:\/\/www.ekcproject.com\/wp-content\/uploads\/2024\/08\/ebeveynodasi3-6-300x300.png 300w, https:\/\/www.ekcproject.com\/wp-content\/uploads\/2024\/08\/ebeveynodasi3-6-150x150.png 150w\" sizes=\"(max-width: 491px) 100vw, 491px\" \/><\/figure>\n\n\n\n<figure class=\"wp-block-image size-full\"><img loading=\"lazy\" decoding=\"async\" width=\"491\" height=\"491\" data-id=\"492\" src=\"https:\/\/www.ekcproject.com\/wp-content\/uploads\/2024\/08\/ebeveynodasi4.png\" alt=\"\" class=\"wp-image-492\" srcset=\"https:\/\/www.ekcproject.com\/wp-content\/uploads\/2024\/08\/ebeveynodasi4.png 491w, https:\/\/www.ekcproject.com\/wp-content\/uploads\/2024\/08\/ebeveynodasi4-300x300.png 300w, https:\/\/www.ekcproject.com\/wp-content\/uploads\/2024\/08\/ebeveynodasi4-150x150.png 150w\" sizes=\"(max-width: 491px) 100vw, 491px\" \/><\/figure>\n\n\n\n<figure class=\"wp-block-image size-full\"><img loading=\"lazy\" decoding=\"async\" width=\"491\" height=\"491\" data-id=\"493\" src=\"https:\/\/www.ekcproject.com\/wp-content\/uploads\/2024\/08\/cocukodasi5.png\" alt=\"\" class=\"wp-image-493\" srcset=\"https:\/\/www.ekcproject.com\/wp-content\/uploads\/2024\/08\/cocukodasi5.png 491w, https:\/\/www.ekcproject.com\/wp-content\/uploads\/2024\/08\/cocukodasi5-300x300.png 300w, https:\/\/www.ekcproject.com\/wp-content\/uploads\/2024\/08\/cocukodasi5-150x150.png 150w\" sizes=\"(max-width: 491px) 100vw, 491px\" \/><\/figure>\n<\/figure>\n\n\n\n<div class=\"wp-block-group alignwide is-layout-constrained wp-block-group-is-layout-constrained\">\n<h1 class=\"wp-block-heading alignwide has-xx-large-font-size\" style=\"line-height:1.2\">KAT HOLLER\u0130<\/h1>\n<\/div>\n\n\n\n<figure class=\"wp-block-gallery has-nested-images columns-default is-cropped wp-block-gallery-10 is-layout-flex wp-block-gallery-is-layout-flex\">\n<figure class=\"wp-block-image size-full\"><img loading=\"lazy\" decoding=\"async\" width=\"626\" height=\"588\" data-id=\"495\" src=\"https:\/\/www.ekcproject.com\/wp-content\/uploads\/2024\/08\/1.png\" alt=\"\" class=\"wp-image-495\" srcset=\"https:\/\/www.ekcproject.com\/wp-content\/uploads\/2024\/08\/1.png 626w, https:\/\/www.ekcproject.com\/wp-content\/uploads\/2024\/08\/1-300x282.png 300w\" sizes=\"(max-width: 626px) 100vw, 626px\" \/><\/figure>\n\n\n\n<figure class=\"wp-block-image size-full\"><img loading=\"lazy\" decoding=\"async\" width=\"663\" height=\"598\" data-id=\"496\" src=\"https:\/\/www.ekcproject.com\/wp-content\/uploads\/2024\/08\/2-2.png\" alt=\"\" class=\"wp-image-496\" srcset=\"https:\/\/www.ekcproject.com\/wp-content\/uploads\/2024\/08\/2-2.png 663w, https:\/\/www.ekcproject.com\/wp-content\/uploads\/2024\/08\/2-2-300x271.png 300w\" sizes=\"(max-width: 663px) 100vw, 663px\" \/><\/figure>\n\n\n\n<figure class=\"wp-block-image size-full\"><img loading=\"lazy\" decoding=\"async\" width=\"682\" height=\"610\" data-id=\"497\" src=\"https:\/\/www.ekcproject.com\/wp-content\/uploads\/2024\/08\/3-2.png\" alt=\"\" class=\"wp-image-497\" srcset=\"https:\/\/www.ekcproject.com\/wp-content\/uploads\/2024\/08\/3-2.png 682w, https:\/\/www.ekcproject.com\/wp-content\/uploads\/2024\/08\/3-2-300x268.png 300w\" sizes=\"(max-width: 682px) 100vw, 682px\" \/><\/figure>\n<\/figure>\n\n\n\n<figure class=\"wp-block-gallery has-nested-images columns-default is-cropped wp-block-gallery-11 is-layout-flex wp-block-gallery-is-layout-flex\">\n<figure class=\"wp-block-image size-full\"><img loading=\"lazy\" decoding=\"async\" width=\"685\" height=\"461\" data-id=\"498\" src=\"https:\/\/www.ekcproject.com\/wp-content\/uploads\/2024\/08\/4.png\" alt=\"\" class=\"wp-image-498\" srcset=\"https:\/\/www.ekcproject.com\/wp-content\/uploads\/2024\/08\/4.png 685w, https:\/\/www.ekcproject.com\/wp-content\/uploads\/2024\/08\/4-300x202.png 300w\" sizes=\"(max-width: 685px) 100vw, 685px\" \/><\/figure>\n\n\n\n<figure class=\"wp-block-image size-full\"><img loading=\"lazy\" decoding=\"async\" width=\"685\" height=\"514\" data-id=\"499\" src=\"https:\/\/www.ekcproject.com\/wp-content\/uploads\/2024\/08\/5.png\" alt=\"\" class=\"wp-image-499\" srcset=\"https:\/\/www.ekcproject.com\/wp-content\/uploads\/2024\/08\/5.png 685w, https:\/\/www.ekcproject.com\/wp-content\/uploads\/2024\/08\/5-300x225.png 300w\" sizes=\"(max-width: 685px) 100vw, 685px\" \/><\/figure>\n\n\n\n<figure class=\"wp-block-image size-full\"><img loading=\"lazy\" decoding=\"async\" width=\"707\" height=\"484\" data-id=\"500\" src=\"https:\/\/www.ekcproject.com\/wp-content\/uploads\/2024\/08\/6.png\" alt=\"\" class=\"wp-image-500\" srcset=\"https:\/\/www.ekcproject.com\/wp-content\/uploads\/2024\/08\/6.png 707w, https:\/\/www.ekcproject.com\/wp-content\/uploads\/2024\/08\/6-300x205.png 300w\" sizes=\"(max-width: 707px) 100vw, 707px\" \/><\/figure>\n<\/figure>\n\n\n\n<div class=\"wp-block-group alignfull is-layout-constrained wp-container-core-group-is-layout-6 wp-block-group-is-layout-constrained\" style=\"margin-top:0;margin-bottom:0;padding-top:var(--wp--preset--spacing--50);padding-right:var(--wp--preset--spacing--50);padding-bottom:var(--wp--preset--spacing--50);padding-left:var(--wp--preset--spacing--50)\"><\/div>\n","protected":false},"excerpt":{"rendered":"<p>NEVBAHAR KONUTLARI Kemerburgaz | \u0130stanbul 2023 Sabit Mobilya \u0130\u015fleri Nevbahar Kemerburgaz, \u015fehrin kalabal\u0131\u011f\u0131ndan uzak, do\u011fayla i\u00e7 i\u00e7e bir ya\u015fam sunan prestijli bir projedir. Bu benzersiz projede mobilya kalemlerinin \u00fcretim ve uygulama s\u00fcre\u00e7lerini \u00fcstlenmi\u015f olmaktan gurur duyuyoruz. Nevbahar Kemerburgaz, modern konforu ve esteti\u011fi bir araya getirirken, sundu\u011fumuz mobilya \u00e7\u00f6z\u00fcmleriyle bu ya\u015fam alanlar\u0131n\u0131 daha da \u00f6zel hale&#8230;<\/p>\n","protected":false},"author":1,"featured_media":0,"parent":0,"menu_order":0,"comment_status":"closed","ping_status":"closed","template":"","meta":{"footnotes":""},"class_list":["post-447","page","type-page","status-publish","hentry"],"_links":{"self":[{"href":"https:\/\/www.ekcproject.com\/index.php\/wp-json\/wp\/v2\/pages\/447"}],"collection":[{"href":"https:\/\/www.ekcproject.com\/index.php\/wp-json\/wp\/v2\/pages"}],"about":[{"href":"https:\/\/www.ekcproject.com\/index.php\/wp-json\/wp\/v2\/types\/page"}],"author":[{"embeddable":true,"href":"https:\/\/www.ekcproject.com\/index.php\/wp-json\/wp\/v2\/users\/1"}],"replies":[{"embeddable":true,"href":"https:\/\/www.ekcproject.com\/index.php\/wp-json\/wp\/v2\/comments?post=447"}],"version-history":[{"count":11,"href":"https:\/\/www.ekcproject.com\/index.php\/wp-json\/wp\/v2\/pages\/447\/revisions"}],"predecessor-version":[{"id":509,"href":"https:\/\/www.ekcproject.com\/index.php\/wp-json\/wp\/v2\/pages\/447\/revisions\/509"}],"wp:attachment":[{"href":"https:\/\/www.ekcproject.com\/index.php\/wp-json\/wp\/v2\/media?parent=447"}],"curies":[{"name":"wp","href":"https:\/\/api.w.org\/{rel}","templated":true}]}}