{"id":551,"date":"2024-08-09T11:39:50","date_gmt":"2024-08-09T11:39:50","guid":{"rendered":"https:\/\/www.ekcproject.com\/?page_id=551"},"modified":"2024-08-12T15:15:21","modified_gmt":"2024-08-12T15:15:21","slug":"grand-bellagio-restaurant","status":"publish","type":"page","link":"https:\/\/www.ekcproject.com\/index.php\/grand-bellagio-restaurant\/","title":{"rendered":"Grand Bellagio Restaurant"},"content":{"rendered":"\n<div class=\"wp-block-group is-layout-constrained wp-container-core-group-is-layout-1 wp-block-group-is-layout-constrained\" style=\"padding-top:3rem;padding-right:var(--wp--preset--spacing--50);padding-bottom:3rem;padding-left:var(--wp--preset--spacing--50)\">\n<div class=\"wp-block-cover\" style=\"min-height:540px;aspect-ratio:unset;\"><span aria-hidden=\"true\" class=\"wp-block-cover__background has-background-dim-0 has-background-dim\" style=\"background-color:#716256\"><\/span><img loading=\"lazy\" decoding=\"async\" width=\"1920\" height=\"1080\" class=\"wp-block-cover__image-background wp-image-552\" alt=\"\" src=\"https:\/\/www.ekcproject.com\/wp-content\/uploads\/2024\/08\/06-2.jpg\" data-object-fit=\"cover\" srcset=\"https:\/\/www.ekcproject.com\/wp-content\/uploads\/2024\/08\/06-2.jpg 1920w, https:\/\/www.ekcproject.com\/wp-content\/uploads\/2024\/08\/06-2-300x169.jpg 300w, https:\/\/www.ekcproject.com\/wp-content\/uploads\/2024\/08\/06-2-1024x576.jpg 1024w, https:\/\/www.ekcproject.com\/wp-content\/uploads\/2024\/08\/06-2-768x432.jpg 768w, https:\/\/www.ekcproject.com\/wp-content\/uploads\/2024\/08\/06-2-1536x864.jpg 1536w\" sizes=\"(max-width: 1920px) 100vw, 1920px\" \/><div class=\"wp-block-cover__inner-container is-layout-constrained wp-block-cover-is-layout-constrained\">\n<p class=\"has-text-align-center has-large-font-size\"><\/p>\n<\/div><\/div>\n\n\n\n<div class=\"wp-block-columns is-layout-flex wp-container-core-columns-is-layout-1 wp-block-columns-is-layout-flex\" style=\"padding-top:0\">\n<div class=\"wp-block-column is-vertically-aligned-top is-layout-flow wp-block-column-is-layout-flow\" style=\"flex-basis:45%\">\n<h1 class=\"wp-block-heading has-text-align-left has-heading-color-color has-text-color has-xx-large-font-size\" style=\"font-style:normal;font-weight:600;line-height:1.5\">GRAND BELLAGIO RESTAURANT<\/h1>\n\n\n\n<h4 class=\"wp-block-heading\">Batum | G\u00fcrcistan<\/h4>\n\n\n\n<h4 class=\"wp-block-heading\">2024<\/h4>\n\n\n\n<h6 class=\"wp-block-heading\">Anahtar Teslim<\/h6>\n\n\n\n<h6 class=\"wp-block-heading\">228 m\u00b2<\/h6>\n<\/div>\n\n\n\n<div class=\"wp-block-column is-vertically-aligned-center is-layout-flow wp-container-core-column-is-layout-2 wp-block-column-is-layout-flow\" style=\"flex-basis:55%\">\n<p class=\"has-medium-font-size\">Grand Bellagio Restaurant misafirlere zarif ve profesyonel bir ortam sunmak amac\u0131yla \u00f6zenle tasarlanm\u0131\u015ft\u0131r. <\/p>\n\n\n\n<p class=\"has-small-font-size\">Batum Grand Bellagio&#8217;nun restoran tasar\u0131m\u0131, estetik detaylar, modern konfor ve ki\u015fisel hizmet anlay\u0131\u015f\u0131n\u0131 birle\u015ftirerek misafirlere e\u015fsiz bir deneyim sunmak \u00fczerine kurulmu\u015ftur. \u0130ster i\u015f toplant\u0131s\u0131, ister sosyal bir bulu\u015fma i\u00e7in olsun, her t\u00fcrl\u00fc ihtiyaca uygun mek\u00e2nsal ve tasar\u0131msal \u00e7\u00f6z\u00fcmler sunarak beklentilerinizi kar\u015f\u0131lamak i\u00e7in tasarlanm\u0131\u015ft\u0131r.<\/p>\n\n\n\n<p class=\"has-small-font-size\">Restoran her t\u00fcrl\u00fc sosyal etkinlik ve i\u015f toplant\u0131lar\u0131 i\u00e7in a\u00e7\u0131k, yar\u0131 \u00f6zel ve tamamen \u00f6zel alanlar sunarak amaca y\u00f6nelik ve etkili bir deneyim sa\u011flar.<\/p>\n\n\n\n<p class=\"has-small-font-size\"><br>Restoran\u0131n yar\u0131 \u00f6zel alanlar\u0131, grup yemekleri ve sosyal bulu\u015fmalar i\u00e7in ideal bir atmosfer sunar. Bu alanlar, modern ve \u015f\u0131k mobilyalar, zarif ayd\u0131nlatma sistemleri ve ho\u015f bir dekorasyon ile tasarlanm\u0131\u015ft\u0131r. Geni\u015f oturma d\u00fczeni sayesinde konuklar\u0131n\u0131zla rahat\u00e7a sohbet edebilir ve keyifli vakit ge\u00e7irebilirsiniz.<\/p>\n\n\n\n<p class=\"has-small-font-size\"><br>Tamamen \u00f6zel alanlar\u0131m\u0131z, i\u015f toplant\u0131lar\u0131 ve i\u015f yemekleri gibi profesyonel etkinlikler i\u00e7in \u00f6zel olarak tasarlanm\u0131\u015ft\u0131r. Bu alanlar, y\u00fcksek d\u00fczeyde mahremiyet ve konfor sa\u011flayarak etkinliklerinizin verimli ve etkili bir \u015fekilde ger\u00e7ekle\u015fmesini destekler. \u0130\u015f d\u00fcnyas\u0131n\u0131n ihtiya\u00e7lar\u0131na uygun olarak d\u00fczenlenen bu alanlar, \u015f\u0131kl\u0131\u011f\u0131 ve i\u015flevselli\u011fi bir araya getirir.<\/p>\n<\/div>\n<\/div>\n<\/div>\n\n\n\n<figure class=\"wp-block-gallery has-nested-images columns-default is-cropped wp-block-gallery-1 is-layout-flex wp-block-gallery-is-layout-flex\">\n<figure class=\"wp-block-image size-large\"><img loading=\"lazy\" decoding=\"async\" width=\"1024\" height=\"619\" data-id=\"553\" src=\"https:\/\/www.ekcproject.com\/wp-content\/uploads\/2024\/08\/02-4-1024x619.jpg\" alt=\"\" class=\"wp-image-553\" srcset=\"https:\/\/www.ekcproject.com\/wp-content\/uploads\/2024\/08\/02-4-1024x619.jpg 1024w, https:\/\/www.ekcproject.com\/wp-content\/uploads\/2024\/08\/02-4-300x181.jpg 300w, https:\/\/www.ekcproject.com\/wp-content\/uploads\/2024\/08\/02-4-768x464.jpg 768w, https:\/\/www.ekcproject.com\/wp-content\/uploads\/2024\/08\/02-4.jpg 1179w\" sizes=\"(max-width: 1024px) 100vw, 1024px\" \/><\/figure>\n\n\n\n<figure class=\"wp-block-image size-large\"><img loading=\"lazy\" decoding=\"async\" width=\"1024\" height=\"576\" data-id=\"555\" src=\"https:\/\/www.ekcproject.com\/wp-content\/uploads\/2024\/08\/03-4-1024x576.jpg\" alt=\"\" class=\"wp-image-555\" srcset=\"https:\/\/www.ekcproject.com\/wp-content\/uploads\/2024\/08\/03-4-1024x576.jpg 1024w, https:\/\/www.ekcproject.com\/wp-content\/uploads\/2024\/08\/03-4-300x169.jpg 300w, https:\/\/www.ekcproject.com\/wp-content\/uploads\/2024\/08\/03-4-768x432.jpg 768w, https:\/\/www.ekcproject.com\/wp-content\/uploads\/2024\/08\/03-4-1536x864.jpg 1536w, https:\/\/www.ekcproject.com\/wp-content\/uploads\/2024\/08\/03-4.jpg 1920w\" sizes=\"(max-width: 1024px) 100vw, 1024px\" \/><\/figure>\n\n\n\n<figure class=\"wp-block-image size-large\"><img loading=\"lazy\" decoding=\"async\" width=\"1024\" height=\"576\" data-id=\"554\" src=\"https:\/\/www.ekcproject.com\/wp-content\/uploads\/2024\/08\/04-5-1024x576.jpg\" alt=\"\" class=\"wp-image-554\" srcset=\"https:\/\/www.ekcproject.com\/wp-content\/uploads\/2024\/08\/04-5-1024x576.jpg 1024w, https:\/\/www.ekcproject.com\/wp-content\/uploads\/2024\/08\/04-5-300x169.jpg 300w, https:\/\/www.ekcproject.com\/wp-content\/uploads\/2024\/08\/04-5-768x432.jpg 768w, https:\/\/www.ekcproject.com\/wp-content\/uploads\/2024\/08\/04-5-1536x864.jpg 1536w, https:\/\/www.ekcproject.com\/wp-content\/uploads\/2024\/08\/04-5.jpg 1920w\" sizes=\"(max-width: 1024px) 100vw, 1024px\" \/><\/figure>\n<\/figure>\n\n\n\n<figure class=\"wp-block-gallery has-nested-images columns-default is-cropped wp-block-gallery-2 is-layout-flex wp-block-gallery-is-layout-flex\">\n<figure class=\"wp-block-image size-large\"><img loading=\"lazy\" decoding=\"async\" width=\"1024\" height=\"576\" data-id=\"556\" src=\"https:\/\/www.ekcproject.com\/wp-content\/uploads\/2024\/08\/05-6-1024x576.jpg\" alt=\"\" class=\"wp-image-556\" srcset=\"https:\/\/www.ekcproject.com\/wp-content\/uploads\/2024\/08\/05-6-1024x576.jpg 1024w, https:\/\/www.ekcproject.com\/wp-content\/uploads\/2024\/08\/05-6-300x169.jpg 300w, https:\/\/www.ekcproject.com\/wp-content\/uploads\/2024\/08\/05-6-768x432.jpg 768w, https:\/\/www.ekcproject.com\/wp-content\/uploads\/2024\/08\/05-6-1536x864.jpg 1536w, https:\/\/www.ekcproject.com\/wp-content\/uploads\/2024\/08\/05-6.jpg 1920w\" sizes=\"(max-width: 1024px) 100vw, 1024px\" \/><\/figure>\n\n\n\n<figure class=\"wp-block-image size-large\"><img loading=\"lazy\" decoding=\"async\" width=\"1024\" height=\"576\" data-id=\"557\" src=\"https:\/\/www.ekcproject.com\/wp-content\/uploads\/2024\/08\/06-3-1024x576.jpg\" alt=\"\" class=\"wp-image-557\" srcset=\"https:\/\/www.ekcproject.com\/wp-content\/uploads\/2024\/08\/06-3-1024x576.jpg 1024w, https:\/\/www.ekcproject.com\/wp-content\/uploads\/2024\/08\/06-3-300x169.jpg 300w, https:\/\/www.ekcproject.com\/wp-content\/uploads\/2024\/08\/06-3-768x432.jpg 768w, https:\/\/www.ekcproject.com\/wp-content\/uploads\/2024\/08\/06-3-1536x864.jpg 1536w, https:\/\/www.ekcproject.com\/wp-content\/uploads\/2024\/08\/06-3.jpg 1920w\" sizes=\"(max-width: 1024px) 100vw, 1024px\" \/><\/figure>\n\n\n\n<figure class=\"wp-block-image size-large\"><img loading=\"lazy\" decoding=\"async\" width=\"1024\" height=\"576\" data-id=\"558\" src=\"https:\/\/www.ekcproject.com\/wp-content\/uploads\/2024\/08\/07-2-1024x576.jpg\" alt=\"\" class=\"wp-image-558\" srcset=\"https:\/\/www.ekcproject.com\/wp-content\/uploads\/2024\/08\/07-2-1024x576.jpg 1024w, https:\/\/www.ekcproject.com\/wp-content\/uploads\/2024\/08\/07-2-300x169.jpg 300w, https:\/\/www.ekcproject.com\/wp-content\/uploads\/2024\/08\/07-2-768x432.jpg 768w, https:\/\/www.ekcproject.com\/wp-content\/uploads\/2024\/08\/07-2-1536x864.jpg 1536w, https:\/\/www.ekcproject.com\/wp-content\/uploads\/2024\/08\/07-2.jpg 1920w\" sizes=\"(max-width: 1024px) 100vw, 1024px\" \/><\/figure>\n<\/figure>\n\n\n\n<figure class=\"wp-block-gallery has-nested-images columns-default is-cropped wp-block-gallery-3 is-layout-flex wp-block-gallery-is-layout-flex\">\n<figure class=\"wp-block-image size-large\"><img loading=\"lazy\" decoding=\"async\" width=\"1024\" height=\"576\" data-id=\"559\" src=\"https:\/\/www.ekcproject.com\/wp-content\/uploads\/2024\/08\/08-1024x576.jpg\" alt=\"\" class=\"wp-image-559\" srcset=\"https:\/\/www.ekcproject.com\/wp-content\/uploads\/2024\/08\/08-1024x576.jpg 1024w, https:\/\/www.ekcproject.com\/wp-content\/uploads\/2024\/08\/08-300x169.jpg 300w, https:\/\/www.ekcproject.com\/wp-content\/uploads\/2024\/08\/08-768x432.jpg 768w, https:\/\/www.ekcproject.com\/wp-content\/uploads\/2024\/08\/08-1536x864.jpg 1536w, https:\/\/www.ekcproject.com\/wp-content\/uploads\/2024\/08\/08.jpg 1920w\" sizes=\"(max-width: 1024px) 100vw, 1024px\" \/><\/figure>\n\n\n\n<figure class=\"wp-block-image size-large\"><img loading=\"lazy\" decoding=\"async\" width=\"1024\" height=\"576\" data-id=\"560\" src=\"https:\/\/www.ekcproject.com\/wp-content\/uploads\/2024\/08\/09-1-1024x576.jpg\" alt=\"\" class=\"wp-image-560\" srcset=\"https:\/\/www.ekcproject.com\/wp-content\/uploads\/2024\/08\/09-1-1024x576.jpg 1024w, https:\/\/www.ekcproject.com\/wp-content\/uploads\/2024\/08\/09-1-300x169.jpg 300w, https:\/\/www.ekcproject.com\/wp-content\/uploads\/2024\/08\/09-1-768x432.jpg 768w, https:\/\/www.ekcproject.com\/wp-content\/uploads\/2024\/08\/09-1-1536x864.jpg 1536w, https:\/\/www.ekcproject.com\/wp-content\/uploads\/2024\/08\/09-1.jpg 1920w\" sizes=\"(max-width: 1024px) 100vw, 1024px\" \/><\/figure>\n\n\n\n<figure class=\"wp-block-image size-large\"><img loading=\"lazy\" decoding=\"async\" width=\"1024\" height=\"576\" data-id=\"561\" src=\"https:\/\/www.ekcproject.com\/wp-content\/uploads\/2024\/08\/10-1024x576.jpg\" alt=\"\" class=\"wp-image-561\" srcset=\"https:\/\/www.ekcproject.com\/wp-content\/uploads\/2024\/08\/10-1024x576.jpg 1024w, https:\/\/www.ekcproject.com\/wp-content\/uploads\/2024\/08\/10-300x169.jpg 300w, https:\/\/www.ekcproject.com\/wp-content\/uploads\/2024\/08\/10-768x432.jpg 768w, https:\/\/www.ekcproject.com\/wp-content\/uploads\/2024\/08\/10-1536x864.jpg 1536w, https:\/\/www.ekcproject.com\/wp-content\/uploads\/2024\/08\/10.jpg 1920w\" sizes=\"(max-width: 1024px) 100vw, 1024px\" \/><\/figure>\n<\/figure>\n","protected":false},"excerpt":{"rendered":"<p>GRAND BELLAGIO RESTAURANT Batum | G\u00fcrcistan 2024 Anahtar Teslim 228 m\u00b2 Grand Bellagio Restaurant misafirlere zarif ve profesyonel bir ortam sunmak amac\u0131yla \u00f6zenle tasarlanm\u0131\u015ft\u0131r. Batum Grand Bellagio&#8217;nun restoran tasar\u0131m\u0131, estetik detaylar, modern konfor ve ki\u015fisel hizmet anlay\u0131\u015f\u0131n\u0131 birle\u015ftirerek misafirlere e\u015fsiz bir deneyim sunmak \u00fczerine kurulmu\u015ftur. \u0130ster i\u015f toplant\u0131s\u0131, ister sosyal bir bulu\u015fma i\u00e7in olsun, her&#8230;<\/p>\n","protected":false},"author":1,"featured_media":0,"parent":0,"menu_order":0,"comment_status":"closed","ping_status":"closed","template":"","meta":{"footnotes":""},"class_list":["post-551","page","type-page","status-publish","hentry"],"_links":{"self":[{"href":"https:\/\/www.ekcproject.com\/index.php\/wp-json\/wp\/v2\/pages\/551"}],"collection":[{"href":"https:\/\/www.ekcproject.com\/index.php\/wp-json\/wp\/v2\/pages"}],"about":[{"href":"https:\/\/www.ekcproject.com\/index.php\/wp-json\/wp\/v2\/types\/page"}],"author":[{"embeddable":true,"href":"https:\/\/www.ekcproject.com\/index.php\/wp-json\/wp\/v2\/users\/1"}],"replies":[{"embeddable":true,"href":"https:\/\/www.ekcproject.com\/index.php\/wp-json\/wp\/v2\/comments?post=551"}],"version-history":[{"count":6,"href":"https:\/\/www.ekcproject.com\/index.php\/wp-json\/wp\/v2\/pages\/551\/revisions"}],"predecessor-version":[{"id":596,"href":"https:\/\/www.ekcproject.com\/index.php\/wp-json\/wp\/v2\/pages\/551\/revisions\/596"}],"wp:attachment":[{"href":"https:\/\/www.ekcproject.com\/index.php\/wp-json\/wp\/v2\/media?parent=551"}],"curies":[{"name":"wp","href":"https:\/\/api.w.org\/{rel}","templated":true}]}}